{"id":13,"date":"2023-09-21T11:19:29","date_gmt":"2023-09-21T11:19:29","guid":{"rendered":"https:\/\/www.maldingen.be\/index.php\/veranstaltungen\/meine-buchungen\/"},"modified":"2024-02-23T12:50:17","modified_gmt":"2024-02-23T12:50:17","slug":"wanderroute-hochtumsknopf-und-eisenbahn-77-km","status":"publish","type":"page","link":"https:\/\/www.maldingen.be\/index.php\/wanderungen-2\/wanderroute-hochtumsknopf-und-eisenbahn-77-km\/","title":{"rendered":"Wanderroute \u201cHochtumsknopf und Eisenbahn\u201c &#8211; 7,7 km"},"content":{"rendered":"<style>\/*! elementor - v3.16.0 - 20-09-2023 *\/\n.elementor-widget-divider{--divider-border-style:none;--divider-border-width:1px;--divider-color:#0c0d0e;--divider-icon-size:20px;--divider-element-spacing:10px;--divider-pattern-height:24px;--divider-pattern-size:20px;--divider-pattern-url:none;--divider-pattern-repeat:repeat-x}.elementor-widget-divider .elementor-divider{display:flex}.elementor-widget-divider .elementor-divider__text{font-size:15px;line-height:1;max-width:95%}.elementor-widget-divider .elementor-divider__element{margin:0 var(--divider-element-spacing);flex-shrink:0}.elementor-widget-divider .elementor-icon{font-size:var(--divider-icon-size)}.elementor-widget-divider .elementor-divider-separator{display:flex;margin:0;direction:ltr}.elementor-widget-divider--view-line_icon .elementor-divider-separator,.elementor-widget-divider--view-line_text .elementor-divider-separator{align-items:center}.elementor-widget-divider--view-line_icon .elementor-divider-separator:after,.elementor-widget-divider--view-line_icon .elementor-divider-separator:before,.elementor-widget-divider--view-line_text .elementor-divider-separator:after,.elementor-widget-divider--view-line_text .elementor-divider-separator:before{display:block;content:\"\";border-bottom:0;flex-grow:1;border-top:var(--divider-border-width) var(--divider-border-style) var(--divider-color)}.elementor-widget-divider--element-align-left .elementor-divider .elementor-divider-separator>.elementor-divider__svg:first-of-type{flex-grow:0;flex-shrink:100}.elementor-widget-divider--element-align-left .elementor-divider-separator:before{content:none}.elementor-widget-divider--element-align-left .elementor-divider__element{margin-left:0}.elementor-widget-divider--element-align-right .elementor-divider .elementor-divider-separator>.elementor-divider__svg:last-of-type{flex-grow:0;flex-shrink:100}.elementor-widget-divider--element-align-right .elementor-divider-separator:after{content:none}.elementor-widget-divider--element-align-right .elementor-divider__element{margin-right:0}.elementor-widget-divider:not(.elementor-widget-divider--view-line_text):not(.elementor-widget-divider--view-line_icon) .elementor-divider-separator{border-top:var(--divider-border-width) var(--divider-border-style) var(--divider-color)}.elementor-widget-divider--separator-type-pattern{--divider-border-style:none}.elementor-widget-divider--separator-type-pattern.elementor-widget-divider--view-line .elementor-divider-separator,.elementor-widget-divider--separator-type-pattern:not(.elementor-widget-divider--view-line) .elementor-divider-separator:after,.elementor-widget-divider--separator-type-pattern:not(.elementor-widget-divider--view-line) .elementor-divider-separator:before,.elementor-widget-divider--separator-type-pattern:not([class*=elementor-widget-divider--view]) .elementor-divider-separator{width:100%;min-height:var(--divider-pattern-height);-webkit-mask-size:var(--divider-pattern-size) 100%;mask-size:var(--divider-pattern-size) 100%;-webkit-mask-repeat:var(--divider-pattern-repeat);mask-repeat:var(--divider-pattern-repeat);background-color:var(--divider-color);-webkit-mask-image:var(--divider-pattern-url);mask-image:var(--divider-pattern-url)}.elementor-widget-divider--no-spacing{--divider-pattern-size:auto}.elementor-widget-divider--bg-round{--divider-pattern-repeat:round}.rtl .elementor-widget-divider .elementor-divider__text{direction:rtl}.e-con-inner>.elementor-widget-divider,.e-con>.elementor-widget-divider{width:var(--container-widget-width,100%);--flex-grow:var(--container-widget-flex-grow)}<\/style>\n<style>\/*! elementor - v3.16.0 - 20-09-2023 *\/\n.elementor-widget-image{text-align:center}.elementor-widget-image a{display:inline-block}.elementor-widget-image a img[src$=\".svg\"]{width:48px}.elementor-widget-image img{vertical-align:middle;display:inline-block}<\/style>\n<p>\t\t\t\t\t\t\t\t\t\t\t\t<img loading=\"lazy\" decoding=\"async\" width=\"582\" height=\"460\" src=\"https:\/\/www.maldingen.be\/wp-content\/uploads\/2023\/10\/eingefuegt-am-05.04.2024.png\" alt=\"\" loading=\"lazy\" srcset=\"https:\/\/www.maldingen.be\/wp-content\/uploads\/2023\/10\/eingefuegt-am-05.04.2024.png 582w, https:\/\/www.maldingen.be\/wp-content\/uploads\/2023\/10\/eingefuegt-am-05.04.2024-300x237.png 300w\" sizes=\"auto, (max-width: 582px) 100vw, 582px\" \/>\t\t\t\t\t\t\t\t\t\t\t\t\t\t\t<\/p>\n<p>Knotenpunkte: 67 \u2013 68 \u2013 72 \u2013 26 \u2013 25 \u2013 70 \u2013 24 \u2013 67<br \/>Wegl\u00e4nge: 7,7 km<br \/>Dauer: 1,5 Std.<br \/>Schwierigkeitsgrad: Leicht<br \/>Beste Jahreszeit: Alle Jahreszeiten m\u00f6glich<br \/>Tourenstart: Startpunkt an der Kirche, Parkm\u00f6glichkeiten vorhanden<br \/>Hinweis: Kinderwagengerecht<\/p>\n<p>\u00a0\u00a0<\/p>\n<p dir=\"auto\">\u00a0<\/p>\n<p dir=\"auto\">\u00a0<\/p>\n<p>WEGBESCHREIBUNG<\/p>\n<p>Die Wanderung startet in der N\u00e4he der Kirche in Maldingen, am \u201cKnotenpunkt 67\u201c, von dort aus gehen Sie etwa 300 m entlang der Hochtumsstra\u03b2e bis zum \u201cKnotenpunkt 68\u201c.<\/p>\n<p>Biegen Sie nun rechts ab und folgen Sie dem \u201cKnotenpunkt 72\u201c. Sie verlassen Maldingen; die Wanderroute f\u00fchrt Sie an den landwirtschaftlich gepflegten Wiesen und Feldern vorbei.<\/p>\n<p>Nach etwa 2,5 km treffen Sie auf eine Weggabelung. Hier biegen Sie dann links ab in Richtung \u201cKnotenpunkt 26\u201c. Der Weg steigt leicht an bis zur Stra\u00dfe N827, die den Ortsteil Schirm mit Maldingen verbindet.<\/p>\n<p>Nach etwa 600 m sehen Sie links einen teils mit Tannen und Laubb\u00e4umen bewachsenen H\u00fcgel.<\/p>\n<p>________________________________________<\/p>\n<p><em>Der H\u00fcgel \u2013 genannt \u201cHochtumsknopf\u201c \u2013 ist eines der Wahrzeichen der Ortschaft Maldingen. Hier wurde bei Grabungen im Jahre 1825 ein H\u00fcgelgrab entdeckt. Dieser H\u00fcgel &#8211; wie auch andere H\u00fcgel im Norden des Gro\u00dfherzogtums Luxemburg, in der Eifel (B und D) und im Hunsr\u00fcck (D) &#8211; ist nach Auswertung der Funde (wie Knochen, Asche, Reste eines Tongef\u00e4\u00dfes) als Ausdruck eines keltischen Bestattungskultes zu deuten. Die Kelten waren ein Volk, das sich aus vielen verschiedenen St\u00e4mmen zusammensetzte, die \u00fcber ein sehr gro\u00dfes Gebiet &#8211; Gro\u00dfbritannien, Frankreich, Deutschland, Anatolien &#8211; verteilt lebten; einen keltischen Staat, der von einem F\u00fcrstenk\u00f6nig regiert wurde, gab es nie. Die Kelten waren sehr geschickte Handwerker, die Leder verarbeiteten, Tuch webten, Metall schmiedeten und Gef\u00e4\u00dfe t\u00f6pferten. Die Kelten waren sehr religi\u00f6s und folgten religi\u00f6sen Riten. Die Einhaltung der Riten war Aufgabe der Druiden. Die Druiden \u2013 vergleichbar mit Priestern unserer Zeit \u2013 standen weit oben in der Rangordnung der keltischen Gesellschaft. Sie kannten sich auch in der Heilkunde aus. Der weltweit ber\u00fchmteste &#8211; wenn auch nicht echte \u2013 Kelte ist wohl die Comicfigur Asterix, eher benannt \u201cAsterix, der Gallier\u201c. Die Gallier waren auch Kelten. Wie schrieb Julius Caesar in seinem Bericht \u201eDe bello gallico\u201c \u201e \u2026.horum omnium fortissimi sunt Belgae,..\u201c; \u00fcbersetzt: \u201e&#8230;die tapfersten unter allen sind die Belger, (Belgier)&#8230;\u201c<\/em><br \/>________________________________________<\/p>\n<p>Sie erreichen nun die Stra\u00dfe N827.<\/p>\n<p>Sie \u00fcberqueren mit Vorsicht die Stra\u00dfe und folgen weiter dem \u201cKnotenpunkt 26\u201c.<\/p>\n<p>Bald treffen Sie auf die ersten H\u00e4user, Bauernh\u00f6fe und Wohnh\u00e4user, die zur Ortschaft Braunlauf geh\u00f6ren. \u00dcberqueren Sie mit Vorsicht die Stra\u00dfe, die von Braunlauf nach Maldingen f\u00fchrt.<\/p>\n<p>Der n\u00e4chsten Weggabelung, dem \u201cKnotenpunkt 26\u201c, folgt sogleich eine weitere Weggabelung, der \u201eKnotenpunkt 25\u201c. Biegen Sie hier rechts ab. Folgen Sie nun dem \u201cKnotenpunkt 70\u201c, halten Sie sich daf\u00fcr links. Die Wegtrasse f\u00fchrt bis zum Bahndamm \u00fcber den die ehemalige Eisenbahnlinie St. Vith \u2013 Gouvy f\u00fchrte. Am Bahndamm angekommen verl\u00e4uft der Weg dann durch die Unterf\u00fchrung.<\/p>\n<p>________________________________________<\/p>\n<p><em>Die Bahnstrecke Libramont\u2013Gouvy-St. Vith war eine circa 80 km lange Bahnstrecke in den belgischen Provinzen L\u00fcttich und Luxemburg. Nach Ausbruch des Ersten Weltkrieges folgte als \u00f6stliche Verl\u00e4ngerung der Bau einer Erg\u00e4nzungsstrecke von Gouvy nach St. Vith, wo Anschluss an das deutsche Schienennetz bestand. Am 02.04.1917 wurde der Bahnbetrieb aufgenommen. Die Einstellung des Abschnitts Gouvy\u2013Maldingen\u2013St. Vith \/Mailust im Personenverkehr folgte am 18.05.1952, der G\u00fctertransport Gouvy\u2013Maldingen wurde bis 1963 aufrechterhalten.<\/em><br \/><em>\u00a0<\/em>________________________________________<\/p>\n<p>Sie sind bereits 5,6 km der Wegstrecke gewandert. Nach dem Durchgang der Unterf\u00fchrung ist Ihnen eine kleine Rastpause geg\u00f6nnt. Genie\u00dfen Sie die Ruhe der Natur und h\u00f6ren Sie auf das Gepl\u00e4tscher des Baches \u201cBraunlauf\u201c.<\/p>\n<p>Danach folgen Sie dem Weg weiter in Richtung \u201cKnotenpunkt 70\u201c, der links am Ende der Unterf\u00fchrung abgeht. Der Weg verl\u00e4uft entlang des Bahndamms in Richtung Maldingen. Nach etwa 1 km erreichen Sie das ehemalige Gel\u00e4nde des Maldinger Bahnhofes.<\/p>\n<p>________________________________________<\/p>\n<p><em>Hier legte der Maldinger Amateurfu\u00dfballklub einen Sportplatz an, der mit einer Flutlichtanlage ausgestattet wurde. Das Gel\u00e4nde dient auch als Anflugstelle f\u00fcr den Hubschrauber der Luftfahrtrettung \u201cCMH Bra-sur-Lienne\u201c.<\/em><br \/>________________________________________<\/p>\n<p>Gehen Sie weiter geradeaus entlang des Fu\u03b2ball-platzes, bis Sie auf den \u201cKnotenpunkt 70\u201c treffen. Von dort aus erkennen Sie schon die Br\u00fccke, die \u00fcber den Bahnschacht f\u00fchrt.<\/p>\n<p>\u00dcber die Br\u00fccke f\u00fchrt die Route zur Kirche, dem Ausgangspunkt Ihrer Wanderung.<\/p>\n<p>\u00a0<\/p>\n<p>\t\t\t<a href=\"https:\/\/maldingen.be\/media\/files\/wanderroute-hochtumsknopf-und-eisenbahn.pdf\" target=\"_blank\" rel=\"noopener\"><br \/>\n\t\t\t\t\t\tHochtumsknopf<br \/>\n\t\t\t\t\t<\/a><\/p>\n","protected":false},"excerpt":{"rendered":"<p>Knotenpunkte: 67 \u2013 68 \u2013 72 \u2013 26 \u2013 25 \u2013 70 \u2013 24 \u2013 67Wegl\u00e4nge: 7,7 kmDauer: 1,5 Std.Schwierigkeitsgrad: LeichtBeste Jahreszeit: Alle Jahreszeiten m\u00f6glichTourenstart: Startpunkt an der Kirche, Parkm\u00f6glichkeiten vorhandenHinweis: Kinderwagengerecht \u00a0\u00a0 \u00a0 \u00a0 WEGBESCHREIBUNG Die Wanderung startet in der N\u00e4he der Kirche in Maldingen, am \u201cKnotenpunkt 67\u201c, von dort aus gehen Sie etwa &hellip;<\/p>\n","protected":false},"author":1,"featured_media":0,"parent":892,"menu_order":0,"comment_status":"closed","ping_status":"closed","template":"template-fullwidth.php","meta":{"_mc_calendar":[],"two_page_speed":[],"footnotes":""},"class_list":["post-13","page","type-page","status-publish","hentry"],"_links":{"self":[{"href":"https:\/\/www.maldingen.be\/index.php\/wp-json\/wp\/v2\/pages\/13","targetHints":{"allow":["GET"]}}],"collection":[{"href":"https:\/\/www.maldingen.be\/index.php\/wp-json\/wp\/v2\/pages"}],"about":[{"href":"https:\/\/www.maldingen.be\/index.php\/wp-json\/wp\/v2\/types\/page"}],"author":[{"embeddable":true,"href":"https:\/\/www.maldingen.be\/index.php\/wp-json\/wp\/v2\/users\/1"}],"replies":[{"embeddable":true,"href":"https:\/\/www.maldingen.be\/index.php\/wp-json\/wp\/v2\/comments?post=13"}],"version-history":[{"count":20,"href":"https:\/\/www.maldingen.be\/index.php\/wp-json\/wp\/v2\/pages\/13\/revisions"}],"predecessor-version":[{"id":5835,"href":"https:\/\/www.maldingen.be\/index.php\/wp-json\/wp\/v2\/pages\/13\/revisions\/5835"}],"up":[{"embeddable":true,"href":"https:\/\/www.maldingen.be\/index.php\/wp-json\/wp\/v2\/pages\/892"}],"wp:attachment":[{"href":"https:\/\/www.maldingen.be\/index.php\/wp-json\/wp\/v2\/media?parent=13"}],"curies":[{"name":"wp","href":"https:\/\/api.w.org\/{rel}","templated":true}]}}