{"id":3,"date":"2023-09-21T10:56:46","date_gmt":"2023-09-21T10:56:46","guid":{"rendered":"https:\/\/www.maldingen.be\/?page_id=3"},"modified":"2023-10-19T18:54:28","modified_gmt":"2023-10-19T18:54:28","slug":"privacy-policy","status":"publish","type":"page","link":"https:\/\/www.maldingen.be\/index.php\/privacy-policy\/","title":{"rendered":"Impressum"},"content":{"rendered":"\t\t<div data-elementor-type=\"wp-page\" data-elementor-id=\"3\" class=\"elementor elementor-3\">\n\t\t\t\t<div class=\"elementor-element elementor-element-c1bfc53 e-flex e-con-boxed e-con e-parent\" data-id=\"c1bfc53\" data-element_type=\"container\" data-e-type=\"container\">\n\t\t\t\t\t<div class=\"e-con-inner\">\n\t\t\t\t<div class=\"elementor-element elementor-element-b83c1cc elementor-widget elementor-widget-spacer\" data-id=\"b83c1cc\" data-element_type=\"widget\" data-e-type=\"widget\" data-widget_type=\"spacer.default\">\n\t\t\t\t<div class=\"elementor-widget-container\">\n\t\t\t\t\t\t\t<div class=\"elementor-spacer\">\n\t\t\t<div class=\"elementor-spacer-inner\"><\/div>\n\t\t<\/div>\n\t\t\t\t\t\t<\/div>\n\t\t\t\t<\/div>\n\t\t\t\t<div class=\"elementor-element elementor-element-5c2475b elementor-widget elementor-widget-heading\" data-id=\"5c2475b\" data-element_type=\"widget\" data-e-type=\"widget\" data-widget_type=\"heading.default\">\n\t\t\t\t<div class=\"elementor-widget-container\">\n\t\t\t\t\t<h2 class=\"elementor-heading-title elementor-size-default\">Impressum<\/h2>\t\t\t\t<\/div>\n\t\t\t\t<\/div>\n\t\t\t\t<div class=\"elementor-element elementor-element-0f1f27c elementor-widget elementor-widget-text-editor\" data-id=\"0f1f27c\" data-element_type=\"widget\" data-e-type=\"widget\" data-widget_type=\"text-editor.default\">\n\t\t\t\t<div class=\"elementor-widget-container\">\n\t\t\t\t\t\t\t\t\t<div class=\"zpRow standard \" data-row-id=\"216\"><div class=\"zpColumn odd zpColumnWidth1 c12 first last\" data-column-id=\"222\"><div class=\"zpColumnItem\"><div id=\"a1512\" class=\"articlearea zpwText\" data-article-id=\"1512\" data-zpleid=\"1512\"><p>Private Webseite mit Informationen und Berichten \u00fcber Maldingen erstellt von Jakob Schrauben und Patrick Sarlette<\/p><p>Adressen:<\/p><p>Eichweg, Maldingen\u00a014\u00a0 B-4790 Burg-Reuland<\/p><p>An der Bahn, Maldingen 5 B-4790 Burg-Reuland<\/p><p>Kontakt: <a href=\"mailto:sarlette@belgacom.net\">sarlette@belgacom.net<\/a><\/p><p>Die Inhalte dieser Seiten wurden mit gr\u00f6\u00dfter Sorgfalt erstellt. F\u00fcr Richtigkeit, Vollst\u00e4ndigkeit und Aktualit\u00e4t der Inhalte wird jedoch keine Gew\u00e4hr \u00fcbernommen.\u00a0 F\u00fcr eventuelle Sch\u00e4den materieller oder ideeller Art, die sich aus der Nutzung dieses Informationsangebots ergeben, sind grunds\u00e4tzlich keine Haftungsanspr\u00fcche geltend zu machen.<\/p><\/div><\/div><\/div><\/div><div class=\"zpRow standard \" data-row-id=\"217\"><div class=\"zpColumn odd zpColumnWidth1 c12 first last\" data-column-id=\"223\"><div class=\"zpColumnItem\"><div id=\"a1513\" class=\"articlearea zpwText\" data-article-id=\"1513\" data-zpleid=\"1513\"><h2 data-zpfieldname=\"headline\">Datenschutz<\/h2><p>Wir haben die neuen Datenschutzbestimmungen nach bestem Wissen umgesetzt. Sichere Webseite, Datenschutzerkl\u00e4rung, Formularanpassungen etc.<br \/>Sollte jemand nicht mit dem Inhalt einer Seite einverstanden sein (speziell auch Beitr\u00e4ge aus den langj\u00e4hrigen Archiven), so erbitten wir eine kurze Meldung. Wir werden den Inhalt dann sofort \u00e4ndern.<\/p><p>Die \u00fcber die Website gesammelten Daten (Kontaktanfragen, etc.) werden vertraulich behandelt und nicht an Dritte weitergegeben.<\/p><p>Die Nutzung unserer Webseite ist in der Regel ohne Angabe personenbezogener Daten m\u00f6glich. Wir weisen darauf hin, dass die Daten\u00fcbertragung im Internet (z.B. bei der Kommunikation per E-Mail) Sicherheitsl\u00fccken aufweisen kann. Ein l\u00fcckenloser Schutz der Daten vor dem Zugriff durch Dritte ist nicht m\u00f6glich.<\/p><p>Der Nutzung von im Rahmen der Impressumspflicht ver\u00f6ffentlichten Kontaktdaten durch Dritte zur \u00dcbersendung von nicht ausdr\u00fccklich angeforderter Werbung und Informationsmaterialien wird hiermit ausdr\u00fccklich widersprochen. Die Betreiber der Seiten behalten sich ausdr\u00fccklich rechtliche Schritte im Falle der unverlangten Zusendung von Werbeinformationen, etwa durch Spam-Mails, vor.<\/p><\/div><\/div><\/div><\/div><div class=\"zpRow standard \" data-row-id=\"67\"><div class=\"zpColumn odd zpColumnWidth1 c12 first last\" data-column-id=\"67\"><div class=\"zpColumnItem\"><div id=\"a1361\" class=\"articlearea zpwText\" data-article-id=\"1361\" data-zpleid=\"1361\"><h2 data-zpfieldname=\"headline\">Haftungshinweis<\/h2><p>Unser Angebot enth\u00e4lt Links zu externen Webseiten Dritter, auf deren Inhalte wir keinen Einfluss haben. Deshalb k\u00f6nnen wir f\u00fcr diese fremden Inhalte auch keine Gew\u00e4hr \u00fcbernehmen. F\u00fcr die Inhalte der verlinkten Seiten ist stets der jeweilige Anbieter oder Betreiber der Seiten verantwortlich.<\/p><p>Die verlinkten Seiten wurden zum Zeitpunkt der Verlinkung auf m\u00f6gliche Rechtsverst\u00f6\u00dfe \u00fcberpr\u00fcft. Rechtswidrige Inhalte waren zum Zeitpunkt der Verlinkung nicht erkennbar. Eine permanente inhaltliche Kontrolle der verlinkten Seiten ist jedoch ohne konkrete Anhaltspunkte einer Rechtsverletzung nicht zumutbar. Bei Bekanntwerden von Rechtsverletzungen werden wir derartige Links umgehend entfernen.<\/p><\/div><\/div><\/div><\/div><div class=\"zpRow standard \" data-row-id=\"398\"><div class=\"zpColumn odd zpColumnWidth1 c12 first last\" data-column-id=\"408\"><div class=\"zpColumnItem\"><div id=\"a1690\" class=\"articlearea zpwText\" data-article-id=\"1690\" data-zpleid=\"1690\"><h2 data-zpfieldname=\"headline\">Cookies<\/h2><p>Wie viele andere Webseiten verwenden wir auch so genannte \u201eCookies\u201c. Cookies sind kleine Textdateien, die von einem Websiteserver auf Ihre Festplatte \u00fcbertragen werden. Hierdurch erhalten wir automatisch bestimmte Daten wie z. B. IP-Adresse, verwendeter Browser, Betriebssystem und Ihre Verbindung zum Internet.<\/p><p>Cookies k\u00f6nnen nicht verwendet werden, um Programme zu starten oder Viren auf einen Computer zu \u00fcbertragen. Anhand der in Cookies enthaltenen Informationen k\u00f6nnen wir Ihnen die Navigation erleichtern und die korrekte Anzeige unserer Webseiten erm\u00f6glichen.<\/p><p>In keinem Fall werden die von uns erfassten Daten an Dritte weitergegeben oder ohne Ihre Einwilligung eine Verkn\u00fcpfung mit personenbezogenen Daten hergestellt.<\/p><p>Nat\u00fcrlich k\u00f6nnen Sie unsere Website grunds\u00e4tzlich auch ohne Cookies betrachten. Internet-Browser sind regelm\u00e4\u00dfig so eingestellt, dass sie Cookies akzeptieren. Im Allgemeinen k\u00f6nnen Sie die Verwendung von Cookies jederzeit \u00fcber die Einstellungen Ihres Browsers deaktivieren. Bitte verwenden Sie die Hilfefunktionen Ihres Internetbrowsers, um zu erfahren, wie Sie diese Einstellungen \u00e4ndern k\u00f6nnen. Bitte beachten Sie, dass einzelne Funktionen unserer Website m\u00f6glicherweise nicht funktionieren, wenn Sie die Verwendung von Cookies deaktiviert haben.<\/p><p>Diese Website benutzt Google Analytics, einen Webanalysedienst der Google Inc. (\u201eGoogle\u201c). Google Analytics verwendet sog. \u201eCookies\u201c, Textdateien, die auf Ihrem Computer gespeichert werden und die eine Analyse der Benutzung der Website durch Sie erm\u00f6glichen. Die durch den Cookie erzeugten Informationen \u00fcber Ihre Benutzung dieser Website werden in der Regel an einen Server von Google in den USA \u00fcbertragen und dort gespeichert. Im Falle der Aktivierung der IP-Anonymisierung auf dieser Webseite wird Ihre IP-Adresse von Google jedoch innerhalb von Mitgliedstaaten der Europ\u00e4ischen Union oder in anderen Vertragsstaaten des Abkommens \u00fcber den Europ\u00e4ischen Wirtschaftsraum zuvor gek\u00fcrzt.<\/p><p>Nur in Ausnahmef\u00e4llen wird die volle IP-Adresse an einen Server von Google in den USA \u00fcbertragen und dort gek\u00fcrzt. Im Auftrag des Betreibers dieser Website wird Google diese Informationen benutzen, um Ihre Nutzung der Website auszuwerten, um Reports \u00fcber die Websiteaktivit\u00e4ten zusammenzustellen und um weitere mit der Websitenutzung und der Internetnutzung verbundene Dienstleistungen gegen\u00fcber dem Websitebetreiber zu erbringen. Die im Rahmen von Google Analytics von Ihrem Browser \u00fcbermittelte IP-Adresse wird nicht mit anderen Daten von Google zusammengef\u00fchrt.<\/p><\/div><\/div><\/div><\/div><div class=\"zpRow standard \" data-row-id=\"68\"><div class=\"zpColumn odd zpColumnWidth1 c12 first last\" data-column-id=\"68\"><div class=\"zpColumnItem\"><div id=\"a1362\" class=\"articlearea zpwText\" data-article-id=\"1362\" data-zpleid=\"1362\"><h2 data-zpfieldname=\"headline\">Bildnachweise<\/h2><p>Urheber und Bildquelle der im Original-Layout &#8220;Maldingen&#8221; verwendeten Bilder:<br \/>Alle Bilder sind Urheberrechtlich gesch\u00fctzt. Ohne schriftliche Genehmigung d\u00fcrfen Sie diese Bilder auch nicht auszugsweise verwenden.<\/p><p><a id=\"a1000\" name=\"a1000\"><\/a>\u00a9 2023 &#8211; Letzte Aktualisierung am 19.10.2023<\/p><\/div><\/div><\/div><\/div>\t\t\t\t\t\t\t\t<\/div>\n\t\t\t\t<\/div>\n\t\t\t\t\t<\/div>\n\t\t\t\t<\/div>\n\t\t\t\t<\/div>\n\t\t","protected":false},"excerpt":{"rendered":"<p>Impressum Private Webseite mit Informationen und Berichten \u00fcber Maldingen erstellt von Jakob Schrauben und Patrick Sarlette Adressen: Eichweg, Maldingen\u00a014\u00a0 B-4790 Burg-Reuland An der Bahn, Maldingen 5 B-4790 Burg-Reuland Kontakt: sarlette@belgacom.net Die Inhalte dieser Seiten wurden mit gr\u00f6\u00dfter Sorgfalt erstellt. F\u00fcr Richtigkeit, Vollst\u00e4ndigkeit und Aktualit\u00e4t der Inhalte wird jedoch keine Gew\u00e4hr \u00fcbernommen.\u00a0 F\u00fcr eventuelle Sch\u00e4den materieller &hellip;<\/p>\n","protected":false},"author":1,"featured_media":0,"parent":0,"menu_order":0,"comment_status":"closed","ping_status":"closed","template":"elementor_header_footer","meta":{"_mc_calendar":[],"two_page_speed":[],"footnotes":""},"class_list":["post-3","page","type-page","status-publish","hentry"],"_links":{"self":[{"href":"https:\/\/www.maldingen.be\/index.php\/wp-json\/wp\/v2\/pages\/3","targetHints":{"allow":["GET"]}}],"collection":[{"href":"https:\/\/www.maldingen.be\/index.php\/wp-json\/wp\/v2\/pages"}],"about":[{"href":"https:\/\/www.maldingen.be\/index.php\/wp-json\/wp\/v2\/types\/page"}],"author":[{"embeddable":true,"href":"https:\/\/www.maldingen.be\/index.php\/wp-json\/wp\/v2\/users\/1"}],"replies":[{"embeddable":true,"href":"https:\/\/www.maldingen.be\/index.php\/wp-json\/wp\/v2\/comments?post=3"}],"version-history":[{"count":14,"href":"https:\/\/www.maldingen.be\/index.php\/wp-json\/wp\/v2\/pages\/3\/revisions"}],"predecessor-version":[{"id":5330,"href":"https:\/\/www.maldingen.be\/index.php\/wp-json\/wp\/v2\/pages\/3\/revisions\/5330"}],"wp:attachment":[{"href":"https:\/\/www.maldingen.be\/index.php\/wp-json\/wp\/v2\/media?parent=3"}],"curies":[{"name":"wp","href":"https:\/\/api.w.org\/{rel}","templated":true}]}}