{"id":4947,"date":"2023-06-27T12:40:22","date_gmt":"2023-06-27T12:40:22","guid":{"rendered":"http:\/\/capethemes.com\/demo\/cityofwp\/?page_id=4947"},"modified":"2023-11-23T19:39:00","modified_gmt":"2023-11-23T19:39:00","slug":"geschichte","status":"publish","type":"page","link":"https:\/\/www.maldingen.be\/index.php\/geschichte\/","title":{"rendered":"Geschichte"},"content":{"rendered":"\t\t<div data-elementor-type=\"wp-page\" data-elementor-id=\"4947\" class=\"elementor elementor-4947\">\n\t\t\t\t<div class=\"elementor-element elementor-element-1e9c6e5 e-flex e-con-boxed e-con e-parent\" data-id=\"1e9c6e5\" data-element_type=\"container\" data-e-type=\"container\">\n\t\t\t\t\t<div class=\"e-con-inner\">\n\t\t\t\t<div class=\"elementor-element elementor-element-edbf7b3 elementor-widget elementor-widget-image\" data-id=\"edbf7b3\" data-element_type=\"widget\" data-e-type=\"widget\" data-widget_type=\"image.default\">\n\t\t\t\t<div class=\"elementor-widget-container\">\n\t\t\t\t\t\t\t\t\t\t\t\t\t\t\t<img decoding=\"async\" src=\"https:\/\/www.maldingen.be\/wp-content\/uploads\/elementor\/thumbs\/Postkarte-scaled-qg61eoex47us01h1qzkz7mmg8snqf0bhs5whohy2oy.jpg\" title=\"Postkarte\" alt=\"Postkarte\" loading=\"lazy\" \/>\t\t\t\t\t\t\t\t\t\t\t\t\t\t\t<\/div>\n\t\t\t\t<\/div>\n\t\t\t\t\t<\/div>\n\t\t\t\t<\/div>\n\t\t<div class=\"elementor-element elementor-element-2926b39 e-flex e-con-boxed e-con e-parent\" data-id=\"2926b39\" data-element_type=\"container\" data-e-type=\"container\">\n\t\t\t\t\t<div class=\"e-con-inner\">\n\t\t<div class=\"elementor-element elementor-element-4cdb1c1 e-con-full e-flex e-con e-child\" data-id=\"4cdb1c1\" data-element_type=\"container\" data-e-type=\"container\">\n\t\t\t\t<div class=\"elementor-element elementor-element-aa0644a elementor-widget__width-initial elementor-widget elementor-widget-text-editor\" data-id=\"aa0644a\" data-element_type=\"widget\" data-e-type=\"widget\" data-widget_type=\"text-editor.default\">\n\t\t\t\t<div class=\"elementor-widget-container\">\n\t\t\t\t\t\t\t\t\t<div class=\"flex flex-grow flex-col gap-3 max-w-full\"><div class=\"min-h-[20px] flex flex-col items-start gap-3 whitespace-pre-wrap break-words overflow-x-auto\" data-message-author-role=\"assistant\" data-message-id=\"17bae68d-3c5c-4845-bc00-83a98c411a54\"><div class=\"markdown prose w-full break-words dark:prose-invert light\"><p><b>Maldingen<\/b> ist ein in der belgischen Eifel gelegenes Dorf, das zur Gemeinde Burg-Reuland geh\u00f6rt. Maldingen liegt in unmittelbarer N\u00e4he zur luxemburgischen Grenze.<\/p><p>\u00a0<\/p><p><strong>Geschichte<\/strong><\/p><p>Maldingen, im ehem. Hofe Thommen gelegen, d\u00fcrfte in der Zeit der V\u00f6lkerwanderung entstanden sein. Wenn wir die vorr\u00f6mischen H\u00fcgelgr\u00e4ber in der n\u00e4heren Umgebung (Hochtumsknopf) allerdings in Betracht ziehen, kann schon von einer Besiedlung zu keltischer Zeit ausgegangen werden.<\/p><p>Die erste urkundliche Erw\u00e4hnung Maldingens mit 7 Feuerstellen findet sich jedoch erst im sp\u00e4teren Mittelalter (1495). In den Jahren 1552\/53 besa\u00df Maldingen 20 \u00bd steuerpflichtige Haushalte.<\/p><p>J\u00e4hrlich fand hier am Sankt Matthiastag, dem 24. Februar, ein gro\u00dfer Frucht-, Kram- und Viehmarkt statt. Der Markt behielt seine Bedeutung bis in die Mitte des 19. Jh.<\/p><p>\u00a0<\/p><p><strong>Bedeutung des Namens \u201eMaldingen\u201c :<\/strong><\/p><p>Maldingen besteht aus der Vorsilbe \u201eMal\u201c und entstand aus dem altdeutschen \u201emahal\u201c, das im Mittelalter zu \u201emahel\u201c und schlie\u00dflich zu \u201emal\u201c wurde und soviel bedeutet wie \u201eVersammlungsort\u201c. \u00a0<br \/>So ist wahrscheinlich der Name Maldingen als \u201eVersammlungsst\u00e4tte des Gerichts\u201c zu deuten und im Dialekt wird es zu \u201eMolje\u201c.<\/p><p>\u00a0<\/p><p><b>Gemeindezugeh\u00f6rigkeit fr\u00fcher und heute<\/b><\/p><p>Seit den Gemeindefusionen am 1. Januar 1977 geh\u00f6rt Maldingen zur Gro\u00dfgemeinde Burg-Reuland, die 22 D\u00f6rfer und Weiler umfasst und ihren Sitz in Thommen hat.<\/p><p>Zur ehemaligen Gemeinde Thommen geh\u00f6rten 9 0rtschaften:<\/p><p>Aldringen, Maldingen, Braunlauf, Weisten, Thommen, Gr\u00fcfflingen, Maspelt, Oudler und Espeler.<\/p><p>Die fr\u00fchere Gemeinde Reuland z\u00e4hlte 13 Orte:<\/p><p>Burg-Reuland, D\u00fcrler, Lengeler, Malscheid, Lascheid mit Richtenberg, Weweler, Stou\u00adbach, Oberhausen, Ouren, Alster, Bracht, Steffeshausen und Auel.<\/p><p>\u00a0<\/p><\/div><\/div><\/div>\t\t\t\t\t\t\t\t<\/div>\n\t\t\t\t<\/div>\n\t\t\t\t<\/div>\n\t\t<div class=\"elementor-element elementor-element-de5f69f e-con-full e-flex e-con e-child\" data-id=\"de5f69f\" data-element_type=\"container\" data-e-type=\"container\">\n\t\t\t\t<div class=\"elementor-element elementor-element-0acd06b elementor-widget__width-initial elementor-invisible elementor-widget elementor-widget-wp-widget-nav_menu\" data-id=\"0acd06b\" data-element_type=\"widget\" data-e-type=\"widget\" data-settings=\"{&quot;_animation&quot;:&quot;rotateIn&quot;}\" data-widget_type=\"wp-widget-nav_menu.default\">\n\t\t\t\t<div class=\"elementor-widget-container\">\n\t\t\t\t\t<div class=\"menu-geschichte-container\"><ul id=\"menu-geschichte\" class=\"menu\"><li id=\"menu-item-6096\" class=\"menu-item menu-item-type-post_type menu-item-object-page menu-item-6096\"><a href=\"https:\/\/www.maldingen.be\/index.php\/geschichte\/maldingen-frueher-und-heute\/\">Maldingen fr\u00fcher und heute<\/a><\/li>\n<li id=\"menu-item-6134\" class=\"menu-item menu-item-type-post_type menu-item-object-page menu-item-6134\"><a href=\"https:\/\/www.maldingen.be\/index.php\/geschichte\/alte-hausnamen\/\">Alte Hausnamen<\/a><\/li>\n<li id=\"menu-item-6137\" class=\"menu-item menu-item-type-post_type menu-item-object-page menu-item-6137\"><a href=\"https:\/\/www.maldingen.be\/index.php\/geschichte\/alte-grenze\/\">Alte Grenze<\/a><\/li>\n<li id=\"menu-item-6270\" class=\"menu-item menu-item-type-post_type menu-item-object-page menu-item-6270\"><a href=\"https:\/\/www.maldingen.be\/index.php\/geschichte\/historische-karten\/\">Historische Karten<\/a><\/li>\n<li id=\"menu-item-6140\" class=\"menu-item menu-item-type-post_type menu-item-object-page menu-item-6140\"><a href=\"https:\/\/www.maldingen.be\/index.php\/geschichte\/paul-gerardy\/\">Paul G\u00e9rardy<\/a><\/li>\n<li id=\"menu-item-6143\" class=\"menu-item menu-item-type-post_type menu-item-object-page menu-item-6143\"><a href=\"https:\/\/www.maldingen.be\/index.php\/geschichte\/sonstiges\/\">Sonstiges<\/a><\/li>\n<\/ul><\/div>\t\t\t\t<\/div>\n\t\t\t\t<\/div>\n\t\t\t\t<\/div>\n\t\t\t\t\t<\/div>\n\t\t\t\t<\/div>\n\t\t\t\t<\/div>\n\t\t","protected":false},"excerpt":{"rendered":"<p>Maldingen ist ein in der belgischen Eifel gelegenes Dorf, das zur Gemeinde Burg-Reuland geh\u00f6rt. Maldingen liegt in unmittelbarer N\u00e4he zur luxemburgischen Grenze. \u00a0 Geschichte Maldingen, im ehem. Hofe Thommen gelegen, d\u00fcrfte in der Zeit der V\u00f6lkerwanderung entstanden sein. Wenn wir die vorr\u00f6mischen H\u00fcgelgr\u00e4ber in der n\u00e4heren Umgebung (Hochtumsknopf) allerdings in Betracht ziehen, kann schon von &hellip;<\/p>\n","protected":false},"author":1,"featured_media":0,"parent":0,"menu_order":0,"comment_status":"closed","ping_status":"closed","template":"template-fullwidth.php","meta":{"_mc_calendar":[],"two_page_speed":[],"footnotes":""},"class_list":["post-4947","page","type-page","status-publish","hentry"],"_links":{"self":[{"href":"https:\/\/www.maldingen.be\/index.php\/wp-json\/wp\/v2\/pages\/4947","targetHints":{"allow":["GET"]}}],"collection":[{"href":"https:\/\/www.maldingen.be\/index.php\/wp-json\/wp\/v2\/pages"}],"about":[{"href":"https:\/\/www.maldingen.be\/index.php\/wp-json\/wp\/v2\/types\/page"}],"author":[{"embeddable":true,"href":"https:\/\/www.maldingen.be\/index.php\/wp-json\/wp\/v2\/users\/1"}],"replies":[{"embeddable":true,"href":"https:\/\/www.maldingen.be\/index.php\/wp-json\/wp\/v2\/comments?post=4947"}],"version-history":[{"count":44,"href":"https:\/\/www.maldingen.be\/index.php\/wp-json\/wp\/v2\/pages\/4947\/revisions"}],"predecessor-version":[{"id":7213,"href":"https:\/\/www.maldingen.be\/index.php\/wp-json\/wp\/v2\/pages\/4947\/revisions\/7213"}],"wp:attachment":[{"href":"https:\/\/www.maldingen.be\/index.php\/wp-json\/wp\/v2\/media?parent=4947"}],"curies":[{"name":"wp","href":"https:\/\/api.w.org\/{rel}","templated":true}]}}