{"id":4960,"date":"2023-06-27T12:50:44","date_gmt":"2023-06-27T12:50:44","guid":{"rendered":"http:\/\/capethemes.com\/demo\/cityofwp\/?page_id=4960"},"modified":"2023-10-29T12:29:45","modified_gmt":"2023-10-29T12:29:45","slug":"wanderroute-4-doerfer-156-km","status":"publish","type":"page","link":"https:\/\/www.maldingen.be\/index.php\/wanderungen-2\/wanderroute-4-doerfer-156-km\/","title":{"rendered":"Wanderroute &#8220;4 D\u00f6rfer&#8221; &#8211; 15,6 km"},"content":{"rendered":"\t\t<div data-elementor-type=\"wp-page\" data-elementor-id=\"4960\" class=\"elementor elementor-4960\">\n\t\t\t\t<div class=\"elementor-element elementor-element-4f2a708 e-flex e-con-boxed e-con e-parent\" data-id=\"4f2a708\" data-element_type=\"container\" data-e-type=\"container\">\n\t\t\t\t\t<div class=\"e-con-inner\">\n\t\t\t\t<div class=\"elementor-element elementor-element-0d40106 elementor-widget-divider--view-line elementor-widget elementor-widget-divider\" data-id=\"0d40106\" data-element_type=\"widget\" data-e-type=\"widget\" data-widget_type=\"divider.default\">\n\t\t\t\t<div class=\"elementor-widget-container\">\n\t\t\t\t\t\t\t<div class=\"elementor-divider\">\n\t\t\t<span class=\"elementor-divider-separator\">\n\t\t\t\t\t\t<\/span>\n\t\t<\/div>\n\t\t\t\t\t\t<\/div>\n\t\t\t\t<\/div>\n\t\t\t\t\t<\/div>\n\t\t\t\t<\/div>\n\t\t<div class=\"elementor-element elementor-element-85e221e e-flex e-con-boxed e-con e-parent\" data-id=\"85e221e\" data-element_type=\"container\" data-e-type=\"container\">\n\t\t\t\t\t<div class=\"e-con-inner\">\n\t\t\t\t<div class=\"elementor-element elementor-element-4d39325 elementor-widget elementor-widget-image\" data-id=\"4d39325\" data-element_type=\"widget\" data-e-type=\"widget\" data-widget_type=\"image.default\">\n\t\t\t\t<div class=\"elementor-widget-container\">\n\t\t\t\t\t\t\t\t\t\t\t\t\t\t\t<img fetchpriority=\"high\" decoding=\"async\" width=\"820\" height=\"546\" src=\"https:\/\/www.maldingen.be\/wp-content\/uploads\/2023\/10\/eingefuegt-am-06.04.2022.png\" class=\"attachment-large size-large wp-image-5555\" alt=\"\" srcset=\"https:\/\/www.maldingen.be\/wp-content\/uploads\/2023\/10\/eingefuegt-am-06.04.2022.png 820w, https:\/\/www.maldingen.be\/wp-content\/uploads\/2023\/10\/eingefuegt-am-06.04.2022-300x200.png 300w, https:\/\/www.maldingen.be\/wp-content\/uploads\/2023\/10\/eingefuegt-am-06.04.2022-768x511.png 768w\" sizes=\"(max-width: 820px) 100vw, 820px\" \/>\t\t\t\t\t\t\t\t\t\t\t\t\t\t\t<\/div>\n\t\t\t\t<\/div>\n\t\t\t\t\t<\/div>\n\t\t\t\t<\/div>\n\t\t<div class=\"elementor-element elementor-element-d17e4ff e-flex e-con-boxed e-con e-parent\" data-id=\"d17e4ff\" data-element_type=\"container\" data-e-type=\"container\">\n\t\t\t\t\t<div class=\"e-con-inner\">\n\t\t\t\t<div class=\"elementor-element elementor-element-51ce0be elementor-widget elementor-widget-text-editor\" data-id=\"51ce0be\" data-element_type=\"widget\" data-e-type=\"widget\" data-widget_type=\"text-editor.default\">\n\t\t\t\t<div class=\"elementor-widget-container\">\n\t\t\t\t\t\t\t\t\t<p>Knotenpunkte: \u00a0 \u00a0 \u00a0 \u00a0 \u00a0 \u00a067 \u2013 68 \u2013 25 \u2013 26 \u2013 65 \u2013 71 \u2013 21 \u2013 52 \u2013 63 \u2013 65 \u2013 22 \u2013 23 \u2013 64 \u2013 <br \/>\u00a0 \u00a0 \u00a0 \u00a0 \u00a0 \u00a0 \u00a0 \u00a0 \u00a0 \u00a0 \u00a0 \u00a0 \u00a0 \u00a0 \u00a0 \u00a0 \u00a0 \u00a0 66 \u2013 24 &#8211; 67<br \/>Wegl\u00e4nge:\u00a0 \u00a0 \u00a0 \u00a0 \u00a0 \u00a0 \u00a0 \u00a0 \u00a0 15,6 km<br \/>Dauer:\u00a0 \u00a0 \u00a0 \u00a0 \u00a0 \u00a0 \u00a0 \u00a0 \u00a0 \u00a0 \u00a0 \u00a0 \u00a03,5 Std.<br \/>Schwierigkeitsgrad:\u00a0 \u00a0 \u00a0Mittel<br \/>Beste Jahreszeit:\u00a0 \u00a0 \u00a0 \u00a0 \u00a0Alle Jahreszeiten m\u00f6glich<br \/>Tourenstart:\u00a0 \u00a0 \u00a0 \u00a0 \u00a0 \u00a0 \u00a0 \u00a0 \u00a0 Startpunkt an der Kirche, Parkm\u00f6glichkeiten vorhanden<br \/>Hinweis: \u00a0 \u00a0 \u00a0 \u00a0 \u00a0 \u00a0 \u00a0 \u00a0 \u00a0 \u00a0 \u00a0 Kinderwagengerecht, aber 1\/5 der Strecke Schotterwege<\/p><div id=\"simple-translate\" class=\"simple-translate-system-theme\"><div><div class=\"simple-translate-button isShow\" style=\"background-image: url('moz-extension:\/\/2a906298-1a79-46da-ac1f-3023fa08a3ad\/icons\/512.png'); height: 22px; width: 22px; top: 45px; left: -11px;\">\u00a0<\/div><div class=\"simple-translate-panel \" style=\"width: 300px; height: 200px; top: 0px; left: 0px; font-size: 13px;\"><div class=\"simple-translate-result-wrapper\" style=\"overflow: hidden;\"><div class=\"simple-translate-move\" draggable=\"true\">\u00a0<\/div><div class=\"simple-translate-result-contents\"><p class=\"simple-translate-result\" dir=\"auto\">\u00a0<\/p><p class=\"simple-translate-candidate\" dir=\"auto\">\u00a0<\/p><\/div><\/div><\/div><\/div><\/div>\t\t\t\t\t\t\t\t<\/div>\n\t\t\t\t<\/div>\n\t\t\t\t\t<\/div>\n\t\t\t\t<\/div>\n\t\t<div class=\"elementor-element elementor-element-4a164f7 e-flex e-con-boxed e-con e-parent\" data-id=\"4a164f7\" data-element_type=\"container\" data-e-type=\"container\">\n\t\t\t\t\t<div class=\"e-con-inner\">\n\t\t\t\t<div class=\"elementor-element elementor-element-1f89829 elementor-widget elementor-widget-text-editor\" data-id=\"1f89829\" data-element_type=\"widget\" data-e-type=\"widget\" data-widget_type=\"text-editor.default\">\n\t\t\t\t<div class=\"elementor-widget-container\">\n\t\t\t\t\t\t\t\t\t<p>WEGBESCHREIBUNG<\/p><p>Die Wanderung startet in der N\u00e4he der Kirche in Maldingen, beim \u201cKnotenpunkt 67\u201c. Folgen Sie diesem dann l\u00e4ngs der Hauptstra\u03b2e in Richtung \u201cKnotenpunkt 68\u201c. Biegen Sie dort 20 m weiter links ab in Richtung Braunlauf\/Weisten. Alsbald treffen Sie auf eine Kreuzung, biegen Sie dort rechts ab und folgen Sie dann dem \u201cKnotenpunkt 25\u201c.<\/p><p>________________________________________<\/p><p><em>Entlang des vor Ihnen liegenden Wanderweges stehen Laubb\u00e4ume. An den beiden Seiten entdecken Sie eine gepflegte Hecken- und Wiesenlandschaft. Links des Weges in einiger Entfernung f\u00e4llt Ihnen ein h\u00f6herer bewaldeter Damm auf. Hier\u00fcber f\u00fchrte die ehemalige Eisenbahnlinie \u201cSt. Vith \u2013 Gouvy\u201c. <\/em>________________________________________<\/p><p>Rechts von Ihnen sehen Sie in der Ferne das Dorf Braunlauf. Sie treffen auf den \u201cKnotenpunkt 25\u201c. Sie biegen rechts ab und gehen dem leicht ansteigenden Feldweg nach bis zum \u201cKnotenpunkt 26\u201c. Der weitere Weg f\u00fchrt entlang landwirtschaftlich genutzter Felder und Wiesen. In Braunlauf angekommen treffen Sie auf die Stra\u00dfe, die nach Maldingen f\u00fchrt. Rechts steht das Volksheim \u201cBrunefa\u201c. ________________________________________<\/p><p><em>Die Dorfgemeinschaft hat Ende der 1970er Jahre die in Privatbesitz befindliche Gastst\u00e4tte mit angegliedertem Saal \u00fcbernommen. Das Volksheim ist Versammlungsort und Probelokal f\u00fcr die Dorfvereine und Gruppen. Es ist Treff- und Begegnungsort f\u00fcr Feiern und festliche Anl\u00e4sse innerhalb des Dorflebens.<\/em><br \/>________________________________________<\/p><p>Halten Sie sich links. Nach etwa 100 m an der Kurve treffen Sie auf den \u201cKnotenpunkt 65\u201c. Folgen Sie den Hinweisangaben zum \u201cKnotenpunkt 71\u201c.<\/p><p>Der Weg f\u00fchrt \u00fcber eine Strecke von etwa 900 m durch einen Ortsteil entlang neugebauter und renovierter Wohnh\u00e4user, Bauernh\u00f6fen und Handwerkerunternehmen. Sie treffen auf die \u201cQuellenstra\u00dfe\u201c. Achten Sie auf das rechts von der Stra\u00dfe liegende Geb\u00e4ude, die Trinkwasseraufbereitungsanlage. ________________________________________<\/p><p><em>Ende der 1980er Jahre wurde in der Gemeinde Burg-Reuland eine Neuordnung der Wasser-versorgung eingeleitet und der Ausbau einer zentralen Wasserversorgung f\u00fcr das gesamte Gemeindegebiet in Angriff genommen.<\/em><\/p><p><em>In Braunlauf wurden ergiebige Grundwasser-<\/em><\/p><p><em>vorkommen geortet. Eine Wasserversorgungs- und Trinkwasseraufbereitungsanlage wurde errichtet. T\u00e4glich werden bis zu 1800 m\u00b3 Wasser entnommen. 600 m\u00b3 Wasser liefern zus\u00e4tzlich noch die Quellfassungen in Commanster. <\/em>________________________________________<\/p><p>Bereits au\u00dferhalb des Dorfes treffen Sie noch auf einige alleinliegende H\u00e4user. Hier befindet sich auch der \u201cKnotenpunkt 71\u201c. Folgen Sie dem Weg Richtung zum \u201cKnotenpunkt 21\u201c.<\/p><p>Lassen Sie sich unterwegs von dem Weitblick auf eine abwechselnde Naturlandschaft begeistern. Links am Horizont f\u00e4llt der Blick auf den Windradpark der Gemeinde St. Vith. Rechts in der Ferne erkennt man den Verlauf der viel befahrenen Verbindungsstra\u00dfe St. Vith\/Autobahn E42 &#8211; Grenze Luxemburg.<\/p><p>Alsbald erreichen Sie den \u201cKnotenpunkt 21\u201c.<\/p><p>Diesen Ort bezeichnet man \u201cAn der Schafsbr\u00fccke\u201c.<\/p><p>________________________________________<\/p><p><em>Eine interessante Entdeckung hier vor Ort ist ein kleiner Grenzstein mit den Markierungen \u201cC\u201c f\u00fcr Crombach und \u201cT\u201c f\u00fcr Thommen. Nach dem Wiener Kongress 1815 ging unsere Gegend an das K\u00f6nigreich Preu\u00dfen. Die Gemeinden behielten ihre Einheiten aus der Zeit der franz\u00f6sischen Departements. Seit der Zusammenlegung der Gemeinden in Belgien im Jahr 1976 kam Crombach zur Gemeinde St. Vith, und Thommen fusionierte mit der Gemeinde Burg-Reuland.<\/em><br \/>________________________________________<\/p><p>Gehen Sie etwa 100 m weiter bis zum \u201cKnotenpunkt 52\u201c. Hier w\u00e4hlen Sie den Weg in Richtung \u201cKnotenpunkt 63\u201c. Der \u201cKnotenpunkt 63\u201c befindet sich in Crombach. Unterwegs werfen Sie einen Blick auf ein links liegendes Naturgebiet. Sie entdecken eine H\u00e4usergruppe, die im Flurbereich \u201cAn der Middel\u201c liegt und zum Dorf Weisten geh\u00f6rt. In der Ferne ist links am Horizont der Kirchturm von Maldingen zu sehen.<\/p><p>________________________________________<\/p><p><em>Crombach ist ein Dorf in der Deutschsprachigen Gemeinschaft Belgiens und ist Ortsteil der Stadtgemeinde St. Vith. Crombach z\u00e4hlt 339 Einwohner. 1797 wurden die benachbarten D\u00f6rfer Ober-Emmels, Nieder-Emmels, H\u00fcnningen, Rodt und Hinderhausen in die Gemeinde Crombach eingegliedert. Diese Gemeinde existierte bis zur belgischen Gebietsreform 1977, als die gesamte Gegend in der neuen Gro\u00dfgemeinde St. Vith zusammengeschlossen wurde. <\/em>________________________________________<\/p><p>Gehen Sie in Richtung \u201cKnotenpunkt 65\u201c. Bevor Sie hier ankommen \u00fcberqueren Sie eine alte Br\u00fccke, die \u00fcber den Bahnschacht der ehemaligen Bahnlinie \u201cSt. Vith \u2013 Gouvy\u201c f\u00fchrt. ________________________________________<\/p><p><em>Die Bahnstrecke Libramont\u2013Gouvy-St. Vith war eine circa 80 km lange Bahnstrecke in den belgischen Provinzen L\u00fcttich und Luxemburg. Nach Ausbruch des Ersten Weltkrieges folgte als \u00f6stliche Verl\u00e4ngerung der Bau einer Erg\u00e4nzungsstrecke von Gouvy nach St. Vith, wo Anschluss an das deutsche Schienennetz bestand. Am 02.04.1917 wurde der Bahnbetrieb aufgenommen. Die Einstellung des Abschnitts Gouvy\u2013Maldingen\u2013St. Vith \/Mailust im Personenverkehr folgte am 18.05.1952, der G\u00fctertransport Gouvy\u2013Maldingen wurde bis 1963 aufrechterhalten. <\/em>________________________________________<\/p><p>Ab \u201cKnotenpunkt 65\u201c verl\u00e4uft die Wanderstrecke bis zum \u201cKnotenpunkt 22\u201c entlang des Bahnschachtes der oben erw\u00e4hnten Eisenbahnlinie. Der Bahnschacht wird dem nat\u00fcrlichen Pflanzenwachstum \u00fcberlassen.<\/p><p>Unterwegs, kurz bevor Sie das Dorf Weisten erreichen, f\u00e4llt ein Viadukt in den Blick.<\/p><p>________________________________________<\/p><p><em>Der Eisenbahn-Viadukt hat 4 Pfeiler und ist<\/em><\/p><p><em>24m hoch. Die Eisenbahnlinie St.Vith\/Gouvy wurde 1915 bis 1917 durch russische Kriegsgefangene erbaut, wobei viele der Gefangenen ums Leben kamen. 1952 wurden die Personenz\u00fcge durch Triebwagen &#8211; genannt \u201cTrottinetten\u201c \u2013 ersetzt, bis dann 1968 der Verkehr auf der Strecke ganz eingestellt wurde.<\/em><\/p><p><em>Die Ortschaft Weisten liegt im \u00e4u\u00dfersten Norden der Gemeinde Burg-Reuland; bereits 1552-1553 existierte dieses kleine Dorf. Weisten z\u00e4hlt +\/- 54 Einwohner.<\/em><\/p><p>________________________________________<\/p><p>Nun folgen Sie dem \u201cKnotenpunkt 23\u201c &#8211; und anschlie\u03b2end dem \u201cKnotenpunkt 64\u201c.<\/p><p>Hier an der Weggabelung entdecken Sie ein Wegkreuz.<\/p><p>________________________________________<\/p><p><em>Das Kreuz am \u201cFakenweg\u201c, unter der m\u00e4chtigen Linde, steht zur Erinnerung an einen damals erschossenen Schmuggler. Die Inschrift lautet: \u201cDer du rastlosen Fu\u00dfes der Erde Weiten, welch ein pl\u00f6tzliches Ziel, Wanderer hat dich bestrickt&#8221;. Zum frommen Andenken an den am 02.10.1880 im Alter von nur 28 Jahren in der N\u00e4he dieser Stelle verstorbenen Servatius Hermann aus Braunlauf.<\/em><br \/>________________________________________<\/p><p>Folgen Sie \u00fcber eine L\u00e4nge von etwa 1,5 km dem Weg in Richtung \u201eKnotenpunkt 66\u201c. Hier gehen Sie dann Richtung \u201eKnotenpunkt 24\u201c.<\/p><p>Nachdem Sie den Wald verlassen haben, durchwandern Sie eine Hecken- und Wiesenlandschaft. Links in der Ferne erblicken Sie das Dorf Maldingen.<\/p><p>TIPP: Folgen Sie nun der zus\u00e4tzlichen Beschilderung mit der Beschriftung \u201cGrenzstein 89\u201c. Nach etwa 350 m auf leicht ansteigendem Weg, halten Sie sich links. Auf der Anh\u00f6he angekommen entdecken Sie rechts des Wanderweges den Grenzstein 89. Lesen Sie bitte den Text \u00fcber den Grenzstein im Heft der Wanderroute \u201cGrenzstein 89 \u2013 Ententvenn\u201c.<\/p><p>Ab dem Grenzstein folgen Sie weiter dem Weg. Nach etwa 400 m biegen Sie links ab. Folgen Sie dem Weg, bis Sie auf den n\u00e4chsten Weg sto\u00dfen. Biegen Sie rechts ab. Sie befinden sich jetzt wieder auf dem Wanderweg, der zum \u201cKnotenpunkt 24\u201c f\u00fchrt.<\/p><p>Sie n\u00e4hern sich dem Dorf Maldingen.<\/p><p>Vom \u201cKnotenpunkt 24\u201c gehen Sie zum \u201cKnotenpunkt 70\u201c und dann zum \u201cKnotenpunkt 67\u201c.<\/p><p>Sie treffen unterwegs auf die rechts liegende Br\u00fccke, die \u00fcber den Bahnschacht f\u00fchrt.<\/p><p>\u00dcber die Br\u00fccke f\u00fchrt die Route zur Kirche, an den Ausgangspunkt Ihrer Wanderung.<\/p><p>\u00a0<\/p>\t\t\t\t\t\t\t\t<\/div>\n\t\t\t\t<\/div>\n\t\t\t\t\t<\/div>\n\t\t\t\t<\/div>\n\t\t<div class=\"elementor-element elementor-element-3abeb95 e-flex e-con-boxed e-con e-parent\" data-id=\"3abeb95\" data-element_type=\"container\" data-e-type=\"container\">\n\t\t\t\t\t<div class=\"e-con-inner\">\n\t\t\t\t<div class=\"elementor-element elementor-element-08fd2e6 elementor-widget elementor-widget-button\" data-id=\"08fd2e6\" data-element_type=\"widget\" data-e-type=\"widget\" data-widget_type=\"button.default\">\n\t\t\t\t<div class=\"elementor-widget-container\">\n\t\t\t\t\t\t\t\t\t<div class=\"elementor-button-wrapper\">\n\t\t\t\t\t<a class=\"elementor-button elementor-button-link elementor-size-sm\" href=\"https:\/\/maldingen.be\/media\/files\/wanderroute-4-doerfer.pdf\" target=\"_blank\">\n\t\t\t\t\t\t<span class=\"elementor-button-content-wrapper\">\n\t\t\t\t\t\t\t\t\t<span class=\"elementor-button-text\">4 D\u00f6rfer<\/span>\n\t\t\t\t\t<\/span>\n\t\t\t\t\t<\/a>\n\t\t\t\t<\/div>\n\t\t\t\t\t\t\t\t<\/div>\n\t\t\t\t<\/div>\n\t\t\t\t\t<\/div>\n\t\t\t\t<\/div>\n\t\t\t\t<\/div>\n\t\t","protected":false},"excerpt":{"rendered":"<p>Knotenpunkte: \u00a0 \u00a0 \u00a0 \u00a0 \u00a0 \u00a067 \u2013 68 \u2013 25 \u2013 26 \u2013 65 \u2013 71 \u2013 21 \u2013 52 \u2013 63 \u2013 65 \u2013 22 \u2013 23 \u2013 64 \u2013 \u00a0 \u00a0 \u00a0 \u00a0 \u00a0 \u00a0 \u00a0 \u00a0 \u00a0 \u00a0 \u00a0 \u00a0 \u00a0 \u00a0 \u00a0 \u00a0 \u00a0 \u00a0 66 \u2013 24 &#8211; 67Wegl\u00e4nge:\u00a0 &hellip;<\/p>\n","protected":false},"author":1,"featured_media":0,"parent":892,"menu_order":0,"comment_status":"closed","ping_status":"closed","template":"template-fullwidth.php","meta":{"_mc_calendar":[],"footnotes":""},"class_list":["post-4960","page","type-page","status-publish","hentry"],"_links":{"self":[{"href":"https:\/\/www.maldingen.be\/index.php\/wp-json\/wp\/v2\/pages\/4960","targetHints":{"allow":["GET"]}}],"collection":[{"href":"https:\/\/www.maldingen.be\/index.php\/wp-json\/wp\/v2\/pages"}],"about":[{"href":"https:\/\/www.maldingen.be\/index.php\/wp-json\/wp\/v2\/types\/page"}],"author":[{"embeddable":true,"href":"https:\/\/www.maldingen.be\/index.php\/wp-json\/wp\/v2\/users\/1"}],"replies":[{"embeddable":true,"href":"https:\/\/www.maldingen.be\/index.php\/wp-json\/wp\/v2\/comments?post=4960"}],"version-history":[{"count":19,"href":"https:\/\/www.maldingen.be\/index.php\/wp-json\/wp\/v2\/pages\/4960\/revisions"}],"predecessor-version":[{"id":5850,"href":"https:\/\/www.maldingen.be\/index.php\/wp-json\/wp\/v2\/pages\/4960\/revisions\/5850"}],"up":[{"embeddable":true,"href":"https:\/\/www.maldingen.be\/index.php\/wp-json\/wp\/v2\/pages\/892"}],"wp:attachment":[{"href":"https:\/\/www.maldingen.be\/index.php\/wp-json\/wp\/v2\/media?parent=4960"}],"curies":[{"name":"wp","href":"https:\/\/api.w.org\/{rel}","templated":true}]}}