{"id":5184,"date":"2023-03-13T14:37:26","date_gmt":"2023-03-13T14:37:26","guid":{"rendered":"http:\/\/capethemes.com\/demo\/cityofwp\/?page_id=5182"},"modified":"2023-10-29T12:59:30","modified_gmt":"2023-10-29T12:59:30","slug":"hochtumsknopf","status":"publish","type":"page","link":"https:\/\/www.maldingen.be\/index.php\/sehenswertes\/hochtumsknopf\/","title":{"rendered":"Hochtumsknopf"},"content":{"rendered":"\t\t<div data-elementor-type=\"wp-page\" data-elementor-id=\"5184\" class=\"elementor elementor-5184\">\n\t\t\t\t<div class=\"elementor-element elementor-element-0c7cec0 e-flex e-con-boxed e-con e-parent\" data-id=\"0c7cec0\" data-element_type=\"container\" data-e-type=\"container\">\n\t\t\t\t\t<div class=\"e-con-inner\">\n\t\t\t\t<div class=\"elementor-element elementor-element-333c1b4 elementor-widget elementor-widget-image\" data-id=\"333c1b4\" data-element_type=\"widget\" data-e-type=\"widget\" data-widget_type=\"image.default\">\n\t\t\t\t<div class=\"elementor-widget-container\">\n\t\t\t\t\t\t\t\t\t\t\t\t\t\t\t<img fetchpriority=\"high\" decoding=\"async\" width=\"978\" height=\"320\" src=\"https:\/\/www.maldingen.be\/wp-content\/uploads\/2023\/10\/hochtumsknopf-large.png\" class=\"attachment-large size-large wp-image-5777\" alt=\"\" srcset=\"https:\/\/www.maldingen.be\/wp-content\/uploads\/2023\/10\/hochtumsknopf-large.png 978w, https:\/\/www.maldingen.be\/wp-content\/uploads\/2023\/10\/hochtumsknopf-large-300x98.png 300w, https:\/\/www.maldingen.be\/wp-content\/uploads\/2023\/10\/hochtumsknopf-large-768x251.png 768w\" sizes=\"(max-width: 978px) 100vw, 978px\" \/>\t\t\t\t\t\t\t\t\t\t\t\t\t\t\t<\/div>\n\t\t\t\t<\/div>\n\t\t\t\t\t<\/div>\n\t\t\t\t<\/div>\n\t\t<div class=\"elementor-element elementor-element-aaa04a9 e-flex e-con-boxed e-con e-parent\" data-id=\"aaa04a9\" data-element_type=\"container\" data-e-type=\"container\">\n\t\t\t\t\t<div class=\"e-con-inner\">\n\t\t\t\t<div class=\"elementor-element elementor-element-ccbe2dd elementor-widget elementor-widget-text-editor\" data-id=\"ccbe2dd\" data-element_type=\"widget\" data-e-type=\"widget\" data-widget_type=\"text-editor.default\">\n\t\t\t\t<div class=\"elementor-widget-container\">\n\t\t\t\t\t\t\t\t\t<p>Der &#8220;Hochtumsknopf&#8221; &#8211; Ein malerischer Ausblickspunkt<\/p><p>\u00a0<\/p><p><strong>Das H\u00fcgelgrab am &#8220;Hochtumsknopf&#8221;<\/strong><br \/><br \/>Dies ist das vielleicht markanteste Geschichtsdenkmal unserer Gegend, der sogenannte Hochtumsknopf oder Maldinger Knopf, der seit 1998 als Landschaft gesch\u00fctzt ist.\u00a0 Wie man leicht durch den Baumbewuchs erkennen kann, handelt es sich hier um einen k\u00fcnstlich angelegten Erdh\u00fcgel.\u00a0 Dieses H\u00fcgelgrab stammt, wie die anderen Grabh\u00fcgel in der Gegend, aus keltischer Zeit und diente vermutlich als letzte Ruhest\u00e4tte eines Stammesoberen oder eines milit\u00e4rischen F\u00fchrers.\u00a0 Die H\u00f6he der Grabh\u00fcgel l\u00e4sst R\u00fcckschl\u00fcsse auf die Bedeutung der bestatteten Person zu.\u00a0<br \/>Die Grabungen, die seit 1825 hier stattgefunden haben, f\u00f6rderten mehere Funde zu Tage:\u00a0\u00a0 Neben Scherben, Knochen und Asche fand man ein Schieferdach von 3 Quadratfu\u00df, Reste eines Tongef\u00e4sses, Teile eines mit braunem Lack \u00fcberzogenen Geschirrs und einen gro\u00dfen eisernen Beh\u00e4lter.\u00a0 Auch wurde in der Mitte ein Achatst\u00fcck, eine Urne mit Scherben und eine Spitze eines Speeres in einem gro\u00dfen Steinbeh\u00e4lter gefunden. Ein Heimatforscher glaubte, dass der eigentliche Schatz des Hochtumsknopfs, n\u00e4mlich ein r\u00f6mischer Feldherr in goldener R\u00fcstung, noch nicht gefunden worden sei, da er sich m\u00f6glicherweise unter dem Bodenniveau befinde, worauf man den Erdh\u00fcgel aufgesch\u00fcttet habe.\u00a0 Andere sahen im Hochtumsknopf ein r\u00f6misches Grabmal, und zwar das des r\u00f6mischen Legaten Cotta, der mit seinem Mitstreiter Sabinus von Ambiorix, dem Eburonenh\u00e4uptling in eine Falle gelockt und erschlagen worden sei.\u00a0 W\u00e4hrend Cotta also hier begraben woden sei, soll sich das Grab des Sabinus auf dem Steinemann (bei Espeler) befinden.\u00a0 Diese Deutung ist bislang allerdings ins Reich der Sage zu verweisen, da man im Bereich des Steinemann und auch am Hochtumsknopf nie solch kostbaren Altertumsfunde gemacht hat.<br \/>Wie dem auch sei &#8211; sp\u00e4tere Grabungen von unbekannten Hobbyarch\u00e4ologen haben wohl hier stattgfunden, wie die Gr\u00e4ben und Furchen auf dem H\u00fcgel zeigen; von Ergebnissen ist allerdings nichts bekannt.\u00a0 Heute wird der H\u00fcgel von F\u00fcchsen bewohnt &#8211; den einzigen, die wohl Auskunft \u00fcber den Inhalt des H\u00fcgels geben k\u00f6nnen.<\/p><p>(Text von Herrn KLAUSER Klaus-Dieter)<\/p><div id=\"simple-translate\" class=\"simple-translate-system-theme\"><div><div class=\"simple-translate-button isShow\" style=\"background-image: url('moz-extension:\/\/2a906298-1a79-46da-ac1f-3023fa08a3ad\/icons\/512.png'); height: 22px; width: 22px; top: 31px; left: -11px;\">\u00a0<\/div><div class=\"simple-translate-panel \" style=\"width: 300px; height: 200px; top: 0px; left: 0px; font-size: 13px;\"><div class=\"simple-translate-result-wrapper\" style=\"overflow: hidden;\"><div class=\"simple-translate-move\" draggable=\"true\">\u00a0<\/div><div class=\"simple-translate-result-contents\"><p class=\"simple-translate-result\" dir=\"auto\">\u00a0<\/p><p class=\"simple-translate-candidate\" dir=\"auto\">\u00a0<\/p><\/div><\/div><\/div><\/div><\/div>\t\t\t\t\t\t\t\t<\/div>\n\t\t\t\t<\/div>\n\t\t\t\t\t<\/div>\n\t\t\t\t<\/div>\n\t\t\t\t<\/div>\n\t\t","protected":false},"excerpt":{"rendered":"<p>Der &#8220;Hochtumsknopf&#8221; &#8211; Ein malerischer Ausblickspunkt \u00a0 Das H\u00fcgelgrab am &#8220;Hochtumsknopf&#8221; Dies ist das vielleicht markanteste Geschichtsdenkmal unserer Gegend, der sogenannte Hochtumsknopf oder Maldinger Knopf, der seit 1998 als Landschaft gesch\u00fctzt ist.\u00a0 Wie man leicht durch den Baumbewuchs erkennen kann, handelt es sich hier um einen k\u00fcnstlich angelegten Erdh\u00fcgel.\u00a0 Dieses H\u00fcgelgrab stammt, wie die anderen &hellip;<\/p>\n","protected":false},"author":1,"featured_media":0,"parent":561,"menu_order":0,"comment_status":"closed","ping_status":"closed","template":"template-fullwidth.php","meta":{"_mc_calendar":[],"footnotes":""},"class_list":["post-5184","page","type-page","status-publish","hentry"],"_links":{"self":[{"href":"https:\/\/www.maldingen.be\/index.php\/wp-json\/wp\/v2\/pages\/5184","targetHints":{"allow":["GET"]}}],"collection":[{"href":"https:\/\/www.maldingen.be\/index.php\/wp-json\/wp\/v2\/pages"}],"about":[{"href":"https:\/\/www.maldingen.be\/index.php\/wp-json\/wp\/v2\/types\/page"}],"author":[{"embeddable":true,"href":"https:\/\/www.maldingen.be\/index.php\/wp-json\/wp\/v2\/users\/1"}],"replies":[{"embeddable":true,"href":"https:\/\/www.maldingen.be\/index.php\/wp-json\/wp\/v2\/comments?post=5184"}],"version-history":[{"count":4,"href":"https:\/\/www.maldingen.be\/index.php\/wp-json\/wp\/v2\/pages\/5184\/revisions"}],"predecessor-version":[{"id":5780,"href":"https:\/\/www.maldingen.be\/index.php\/wp-json\/wp\/v2\/pages\/5184\/revisions\/5780"}],"up":[{"embeddable":true,"href":"https:\/\/www.maldingen.be\/index.php\/wp-json\/wp\/v2\/pages\/561"}],"wp:attachment":[{"href":"https:\/\/www.maldingen.be\/index.php\/wp-json\/wp\/v2\/media?parent=5184"}],"curies":[{"name":"wp","href":"https:\/\/api.w.org\/{rel}","templated":true}]}}