{"id":6138,"date":"2023-10-30T08:50:10","date_gmt":"2023-10-30T08:50:10","guid":{"rendered":"https:\/\/www.maldingen.be\/?page_id=6138"},"modified":"2023-12-02T09:44:54","modified_gmt":"2023-12-02T09:44:54","slug":"paul-gerardy","status":"publish","type":"page","link":"https:\/\/www.maldingen.be\/index.php\/geschichte\/paul-gerardy\/","title":{"rendered":"Paul G\u00e9rardy"},"content":{"rendered":"\t\t<div data-elementor-type=\"wp-page\" data-elementor-id=\"6138\" class=\"elementor elementor-6138\">\n\t\t\t\t<div class=\"elementor-element elementor-element-117360a e-flex e-con-boxed e-con e-parent\" data-id=\"117360a\" data-element_type=\"container\" data-e-type=\"container\">\n\t\t\t\t\t<div class=\"e-con-inner\">\n\t\t<div class=\"elementor-element elementor-element-1bbde89 e-con-full e-flex e-con e-child\" data-id=\"1bbde89\" data-element_type=\"container\" data-e-type=\"container\">\n\t\t\t\t<div class=\"elementor-element elementor-element-5df87c7 elementor-widget__width-initial elementor-widget elementor-widget-image\" data-id=\"5df87c7\" data-element_type=\"widget\" data-e-type=\"widget\" data-widget_type=\"image.default\">\n\t\t\t\t<div class=\"elementor-widget-container\">\n\t\t\t\t\t\t\t\t\t\t\t\t\t\t\t<img decoding=\"async\" width=\"190\" height=\"143\" src=\"https:\/\/www.maldingen.be\/wp-content\/uploads\/2023\/10\/9169c62b69684961b0b49d6daf011596.png\" class=\"attachment-large size-large wp-image-6145\" alt=\"\" \/>\t\t\t\t\t\t\t\t\t\t\t\t\t\t\t<\/div>\n\t\t\t\t<\/div>\n\t\t\t\t<\/div>\n\t\t<div class=\"elementor-element elementor-element-7f88302 e-con-full e-flex e-con e-child\" data-id=\"7f88302\" data-element_type=\"container\" data-e-type=\"container\">\n\t\t\t\t<div class=\"elementor-element elementor-element-8011276 elementor-widget elementor-widget-text-editor\" data-id=\"8011276\" data-element_type=\"widget\" data-e-type=\"widget\" data-widget_type=\"text-editor.default\">\n\t\t\t\t<div class=\"elementor-widget-container\">\n\t\t\t\t\t\t\t\t\t<p>\u00a0<\/p><p>Paul G\u00e9rardy, ein belgischer Schriftsteller und Dichter, wurde am 15. Februar 1870 in Maldingen (damals K\u00f6nigreich Preu\u00dfen) geboren.<\/p>\t\t\t\t\t\t\t\t<\/div>\n\t\t\t\t<\/div>\n\t\t\t\t<\/div>\n\t\t\t\t\t<\/div>\n\t\t\t\t<\/div>\n\t\t<div class=\"elementor-element elementor-element-36b4f73 e-flex e-con-boxed e-con e-parent\" data-id=\"36b4f73\" data-element_type=\"container\" data-e-type=\"container\">\n\t\t\t\t\t<div class=\"e-con-inner\">\n\t\t\t\t<div class=\"elementor-element elementor-element-5134cc9 elementor-widget elementor-widget-text-editor\" data-id=\"5134cc9\" data-element_type=\"widget\" data-e-type=\"widget\" data-widget_type=\"text-editor.default\">\n\t\t\t\t<div class=\"elementor-widget-container\">\n\t\t\t\t\t\t\t\t\t<p data-placeholder=\"\u00dcbersetzung\" data-fulltext=\"\"><strong>Bibliographie<\/strong><\/p><p data-placeholder=\"\u00dcbersetzung\" data-fulltext=\"\">1890-1891:\u00a0Philosophie- und Philologiestudium an der Universit\u00e4t von L\u00fcttich.<\/p><p data-placeholder=\"\u00dcbersetzung\" data-fulltext=\"\">1894: Paul G\u00e9rardy heiratet Louise Delvoie in L\u00fcttich. Das Ehepaar unternimmt ihre Hochzeitsreise w\u00e4hrend mehrerer Monate in Deutschland, wo sie dem deutschen Schriftsteller Stefan George und dem belgischen Maler\u00a0Richard Heintz begegnen.<\/p><p data-placeholder=\"\u00dcbersetzung\" data-fulltext=\"\">1895:\u00a0Geburt seines Sohnes Paul-Marie Gerardy am 21. April\u00a0in Grivegn\u00e9e (L\u00fcttich) (gestorben 1974).<\/p><p data-placeholder=\"\u00dcbersetzung\" data-fulltext=\"\">1896: Die Familie G\u00e9rardy verl\u00e4sst\u00a0L\u00fcttich und zieht nach\u00a0Br\u00fcssel.\u00a0 Am 27. November wird sein Sohn\u00a0Wilfrid G\u00e9rardy in Ixelles geboren (gestorben 1917).<\/p><p data-placeholder=\"\u00dcbersetzung\" data-fulltext=\"\">1897: Reise von Paul G\u00e9rardy nach Deutschland (begleitet von Stefan George), dann nach Italien und \u00d6sterreich.<\/p><p data-placeholder=\"\u00dcbersetzung\" data-fulltext=\"\">1898: Geburt seiner Tochter Louise G\u00e9rardy am 23. August in Ixelles\u00a0\u00a0(gestorben 1976).<\/p><p data-placeholder=\"\u00dcbersetzung\" data-fulltext=\"\">1900: Geburt seiner Tochter\u00a0Genevi\u00e8ve G\u00e9rardy in Ixelles\u00a0im Monat M\u00e4rz (gestorben 1965).<\/p><p data-placeholder=\"\u00dcbersetzung\" data-fulltext=\"\">1933: Paul G\u00e9rardy stirbt am 1. Juni in Br\u00fcssel.<\/p><p data-placeholder=\"\u00dcbersetzung\" data-fulltext=\"\"><strong>Ver\u00f6ffentlichungen <\/strong>\u00a0\u00a0\u00a0\u00a0<\/p><p data-placeholder=\"\u00dcbersetzung\" data-fulltext=\"\">1903: <em>Les Carnets du Roi<\/em> (anonyme Satire gegen K\u00f6nig\u00a0L\u00e9opold II.), ver\u00f6ffentlicht in Paris, Genonceaux,\u00a0292 S.\u00a0(Neuver\u00f6ffentlichunge pr\u00e4sentiert und kommentiert von Anne Cornet, ver\u00f6ffentlicht in\u00a0Orl\u00e9ans 2017, 256 S.<\/p><p data-placeholder=\"\u00dcbersetzung\" data-fulltext=\"\">1904: <em>Le Grand Roi Patacake<\/em> (anonymes Pamphet\u00a0gegen\u00a0Kaiser Wilhelm II), \u00fcbersetzt in Wien unter dem Namen &#8220;<em>Der grosse K\u00f6nig\u00a0Patacake<\/em>&#8220;.<\/p><p data-placeholder=\"\u00dcbersetzung\" data-fulltext=\"\">1920: <em>Quatorze extraits du Bestiaire d&#8217;Hortensius<\/em> (ver\u00f6ffentlicht in Br\u00fcssel).<\/p><p data-placeholder=\"\u00dcbersetzung\" data-fulltext=\"\">Quelle: www.wikipedia.de<\/p><div id=\"ConnectiveDocSignExtentionInstalled\" data-extension-version=\"1.0.4\">\u00a0<\/div>\t\t\t\t\t\t\t\t<\/div>\n\t\t\t\t<\/div>\n\t\t\t\t\t<\/div>\n\t\t\t\t<\/div>\n\t\t<div class=\"elementor-element elementor-element-fc73e05 e-flex e-con-boxed e-con e-parent\" data-id=\"fc73e05\" data-element_type=\"container\" data-e-type=\"container\">\n\t\t\t\t\t<div class=\"e-con-inner\">\n\t\t<div class=\"elementor-element elementor-element-5aa0eb4 e-con-full e-flex e-con e-child\" data-id=\"5aa0eb4\" data-element_type=\"container\" data-e-type=\"container\">\n\t\t\t\t<div class=\"elementor-element elementor-element-f5036f9 elementor-widget elementor-widget-image\" data-id=\"f5036f9\" data-element_type=\"widget\" data-e-type=\"widget\" data-widget_type=\"image.default\">\n\t\t\t\t<div class=\"elementor-widget-container\">\n\t\t\t\t\t\t\t\t\t\t\t\t\t\t\t<img decoding=\"async\" width=\"170\" height=\"176\" src=\"https:\/\/www.maldingen.be\/wp-content\/uploads\/2023\/10\/321_gerardy_03_17.jpg\" class=\"attachment-large size-large wp-image-6150\" alt=\"\" \/>\t\t\t\t\t\t\t\t\t\t\t\t\t\t\t<\/div>\n\t\t\t\t<\/div>\n\t\t\t\t<\/div>\n\t\t<div class=\"elementor-element elementor-element-aa4c973 e-con-full e-flex e-con e-child\" data-id=\"aa4c973\" data-element_type=\"container\" data-e-type=\"container\">\n\t\t\t\t<div class=\"elementor-element elementor-element-86d19a0 elementor-widget elementor-widget-text-editor\" data-id=\"86d19a0\" data-element_type=\"widget\" data-e-type=\"widget\" data-widget_type=\"text-editor.default\">\n\t\t\t\t<div class=\"elementor-widget-container\">\n\t\t\t\t\t\t\t\t\t<p data-placeholder=\"\u00dcbersetzung\" data-fulltext=\"\">\u00a0<\/p><p data-placeholder=\"\u00dcbersetzung\" data-fulltext=\"\"><strong>Paul G\u00e9rardy<\/strong>\u00a0<strong>\u2013 Schriftsteller und Publizist aus Maldingen<\/strong><\/p>\t\t\t\t\t\t\t\t<\/div>\n\t\t\t\t<\/div>\n\t\t\t\t<\/div>\n\t\t\t\t\t<\/div>\n\t\t\t\t<\/div>\n\t\t<div class=\"elementor-element elementor-element-f48cbea e-flex e-con-boxed e-con e-parent\" data-id=\"f48cbea\" data-element_type=\"container\" data-e-type=\"container\">\n\t\t\t\t\t<div class=\"e-con-inner\">\n\t\t\t\t<div class=\"elementor-element elementor-element-1e23538 elementor-widget elementor-widget-text-editor\" data-id=\"1e23538\" data-element_type=\"widget\" data-e-type=\"widget\" data-widget_type=\"text-editor.default\">\n\t\t\t\t<div class=\"elementor-widget-container\">\n\t\t\t\t\t\t\t\t\t<p>1913, ein Jahr vor Weltkriegsbeginn, verweigerte sich Paul G\u00e9rardy dem nationalistischen \u00dcberschwang seiner Zeit. Zur Frage nach seiner Nationalit\u00e4t bekannte er: \u201eIch komme aus meinem Dorf, das gen\u00fcgt mir\u201c. Dieses Dorf war Maldingen, wo er 1870 als Sohn von Johann Nicolas G\u00e9rardy und dessen Ehefrau Anna Maria Deraideux geboren wurde und wo er seine Kinderjahre verbracht hatte. Der kleine ostbelgische Ort, heute Teil der Gemeinde Burg-Reuland, liegt nur wenige Kilometer von der deutschen und luxemburgischen Grenze entfernt. Bis nach dem ersten Weltkrieg geh\u00f6rte der Ort zu Preu\u00dfen und damit seit 1871 auch zum Deutschen Reich. Zu dieser politischen Grenzsituation kam die Lage zwischen deutschem und wallonischem \u2013 also franz\u00f6sischem \u2013 Sprachgebiet hinzu. G\u00e9rardy, der zun\u00e4chst Eifler Platt gelernt hatte, sprach und schrieb sp\u00e4ter in beiden Hochsprachen gleicherma\u00dfen. Er gilt als wichtiger Mittler seiner Zeit zwischen franz\u00f6sischem und deutschem Kulturraum.<\/p><p>Auf bemerkenswerte Art und Weise beantwortete der Dichter Stefan George, einer der hellsten Sterne der deutschen Lyrik, die Frage nach den Wurzeln G\u00e9rardys. In einem Brief an Hugo von Hofmannsthal nannte er G\u00e9rardy in seiner eigent\u00fcmlichen Orthographie treffend und schlicht: \u201ekind der eiffel\u201c. Dass sich der Rheinl\u00e4nder George mit dem Wiener Hofmannsthal \u00fcber Gerardy austauschte, h\u00e4ngt damit zusammen, dass die Biographie des Mannes aus Maldingen mit derjenigen von Stefan George eng verwoben ist. G\u00e9rardy geh\u00f6rte in den 1890er Jahren zu den Hauptpers\u00f6nlichkeiten der legend\u00e4ren symbolistischen Zeitschrift \u201eBl\u00e4tter f\u00fcr die Kunst\u201c und zum innersten Zirkel des ber\u00fchmten \u201eGeorge-Kreises\u201c. Abgesehen davon, dass er nach George der Autor mit den meisten Beitr\u00e4gen war \u2013 G\u00e9rardys Manifest \u00fcber \u201eGEISTIGE KUNST\u201c gilt geradezu als Programm der literaturgeschichtlich bedeutsamen Zeitschrift. G\u00e9rardy formulierte: \u201eMan darf den dichtern die sich hier vereinigt haben nicht die leeren oder unvollst\u00e4ndigen namen Mystiker und Symbolisten beilegen\u201c und schloss mit den emphatischen Worten: \u201eSie sind keine sittenprediger und lieben nur die sch\u00f6nheit die sch\u00f6nheit die sch\u00f6nheit.\u201c<\/p><p>George hatte G\u00e9rardy 1892 kennengelernt, nachdem ihm dieser sein lyrisches Erstlingswerk \u201eLes chansons na\u00efves\u201c zugesandt hatte. G\u00e9rardy lebte damals in L\u00fcttich; dort wohnte der Bruder seines Vaters, ein Weingro\u00dfh\u00e4ndler, zu dem Paul gezogen war, als er mit 12 Jahren Vollwaise wurde. In L\u00fcttich besuchte er die Jesuitenschule Coll\u00e8ge Saint-Servais, ehe er in ein Internat nach Saint-Trond wechselte. Als 20-J\u00e4hriger begann G\u00e9rardy an der Universit\u00e4t in L\u00fcttich ein Literatur- und Philosophiestudium, das er jedoch nicht abschloss. In dieser Hauptstadt der Wallonie entwickelte sich seine besondere Wertsch\u00e4tzung der wallonischen Kultur \u2013 eine Verbundenheit, die sich durch die Freundschaft mit wallonischen K\u00fcnstlern und Intellektuellen vertiefte. 1892 gr\u00fcndete G\u00e9rardy die Literaturzeitschrift \u201eFlor\u00e9al\u201c, die seine wallonischen Sympathien ebenfalls ausdr\u00fcckte.<\/p><p>Als Dichter wurde G\u00e9rardy von George au\u00dferordentlich hoch gesch\u00e4tzt \u2013 ein Umstand, den man nicht voreilig als freundschaftsbedingte \u00dcbersch\u00e4tzung abtun sollte. Allerdings waren nicht alle in gleicher Weise von G\u00e9rardy angetan. So notierte der Schriftsteller Oscar A. H. Schmitz in seinem Tagebuch: \u201eEr beobachtet einzelnes Treffliche, hat gute Einf\u00e4lle, aber welche K\u00e4lte!\u201c Der Eindruck von \u201eK\u00e4lte\u201c hing wohl damit zusammen, dass G\u00e9rardy nicht nur Lyriker und Kunstfreund war, sondern auch k\u00fchler Analytiker des politischen Zeitgeschehens. Angesichts seiner Aktivit\u00e4ten im George-Kreis wird leicht \u00fcbersehen, dass G\u00e9rardy \u2013 gern auch unter Pseudonym \u2013 auch sonst eifrig publizierte und sein geistiger Horizont sich nicht auf das Literarische beschr\u00e4nkte. 1899 \u00fcbernahm er in Br\u00fcssel die Leitung der Wirtschaftszeitschrift \u201eLa Gazette coloniale\u201c. Daf\u00fcr waren prim\u00e4r finanzielle \u00dcberlegungen ma\u00dfgebend. G\u00e9rardy hatte 1894 Louise Delvoie geheiratet und war mehrfacher Familienvater geworden; die Mittel aus seiner Erbschaft gingen zur Neige.<\/p><p>1903 erschien in Paris die anonyme Schrift \u201eCarnets du roi\u201c, in der K\u00f6nig und Kolonialpolitik von Belgien scharf attackiert wurden. Das fast 300 Seiten starke satirische Pamphlet wurde in Belgien verboten, l\u00f6ste aber dort einen Skandal aus; erst 1908 bekannte sich G\u00e9rardy \u00f6ffentlich zur Autorschaft. Nicht weniger kritisch war eine \u00e4hnliche Schrift gegen den deutschen Kaiser. Als der Weltkrieg ausbrach, emigrierte G\u00e9rardy vorsichtshalber nach England. Nach seiner R\u00fcckkehr war der einstige Lyriker fast nur noch als Wirtschaftspublizist t\u00e4tig. In den zwanziger Jahren gr\u00fcndete er mehrere Wirtschafts- und B\u00f6rsenzeitschriften, wobei seine eigene finanzielle Lage prek\u00e4r blieb. G\u00e9rardy, der im Lauf seines Lebens in zahlreichen St\u00e4dten gewohnt hatte, starb 1930 in Br\u00fcssel. Der Literaturwissenschaftler J.-U. Fechner, Pauls j\u00fcdische Schwiegertochter Alice G\u00e9rardy-Reich und nicht zuletzt seine Heimatgemeinde Burg-Reuland (Paul G\u00e9rardy Museum) erwarben sich besondere Verdienste um Erhalt und Erschlie\u00dfung seines bedeutenden geistigen Erbes. \u03a9<\/p><p>Verfasser: Gregor Bran<\/p><p>Quelle: www.eifelzeitung.de\/redaktion\/kinder-der-eifel\/paul-gerardy-145748<\/p><div id=\"ConnectiveDocSignExtentionInstalled\" data-extension-version=\"1.0.4\">\u00a0<\/div>\t\t\t\t\t\t\t\t<\/div>\n\t\t\t\t<\/div>\n\t\t\t\t\t<\/div>\n\t\t\t\t<\/div>\n\t\t<div class=\"elementor-element elementor-element-c54f711 e-flex e-con-boxed e-con e-parent\" data-id=\"c54f711\" data-element_type=\"container\" data-e-type=\"container\">\n\t\t\t\t\t<div class=\"e-con-inner\">\n\t\t\t\t<div class=\"elementor-element elementor-element-0f1891d elementor-widget elementor-widget-heading\" data-id=\"0f1891d\" data-element_type=\"widget\" data-e-type=\"widget\" data-widget_type=\"heading.default\">\n\t\t\t\t<div class=\"elementor-widget-container\">\n\t\t\t\t\t<h2 class=\"elementor-heading-title elementor-size-default\">Gedenkplatte<\/h2>\t\t\t\t<\/div>\n\t\t\t\t<\/div>\n\t\t\t\t\t<\/div>\n\t\t\t\t<\/div>\n\t\t<div class=\"elementor-element elementor-element-be0ad00 e-flex e-con-boxed e-con e-parent\" data-id=\"be0ad00\" data-element_type=\"container\" data-e-type=\"container\">\n\t\t\t\t\t<div class=\"e-con-inner\">\n\t\t<div class=\"elementor-element elementor-element-4438955 e-con-full e-flex e-con e-child\" data-id=\"4438955\" data-element_type=\"container\" data-e-type=\"container\">\n\t\t\t\t<div class=\"elementor-element elementor-element-f6b5d07 elementor-widget elementor-widget-image\" data-id=\"f6b5d07\" data-element_type=\"widget\" data-e-type=\"widget\" data-widget_type=\"image.default\">\n\t\t\t\t<div class=\"elementor-widget-container\">\n\t\t\t\t\t\t\t\t\t\t\t\t\t\t\t<img fetchpriority=\"high\" decoding=\"async\" width=\"259\" height=\"194\" src=\"https:\/\/www.maldingen.be\/wp-content\/uploads\/2023\/10\/3ad6c85e50a64c8083b4cef68f12eb1b.png\" class=\"attachment-large size-large wp-image-6157\" alt=\"\" \/>\t\t\t\t\t\t\t\t\t\t\t\t\t\t\t<\/div>\n\t\t\t\t<\/div>\n\t\t\t\t<\/div>\n\t\t<div class=\"elementor-element elementor-element-89c58db e-con-full e-flex e-con e-child\" data-id=\"89c58db\" data-element_type=\"container\" data-e-type=\"container\">\n\t\t\t\t<div class=\"elementor-element elementor-element-7dbbd54 elementor-widget elementor-widget-text-editor\" data-id=\"7dbbd54\" data-element_type=\"widget\" data-e-type=\"widget\" data-widget_type=\"text-editor.default\">\n\t\t\t\t<div class=\"elementor-widget-container\">\n\t\t\t\t\t\t\t\t\t<p>\u00a0<\/p><p>An ihn erinnert eine zweisprachige Gedenkplatte, die urspr\u00fcnglich an seinem Geburtshaus angebracht worden war und mittlerweile am Eingang zur Schule in Maldingen h\u00e4ngt.<\/p>\t\t\t\t\t\t\t\t<\/div>\n\t\t\t\t<\/div>\n\t\t\t\t<\/div>\n\t\t\t\t\t<\/div>\n\t\t\t\t<\/div>\n\t\t<div class=\"elementor-element elementor-element-b267b6c e-flex e-con-boxed e-con e-parent\" data-id=\"b267b6c\" data-element_type=\"container\" data-e-type=\"container\">\n\t\t\t\t\t<div class=\"e-con-inner\">\n\t\t\t\t<div class=\"elementor-element elementor-element-5a0b81a elementor-widget elementor-widget-heading\" data-id=\"5a0b81a\" data-element_type=\"widget\" data-e-type=\"widget\" data-widget_type=\"heading.default\">\n\t\t\t\t<div class=\"elementor-widget-container\">\n\t\t\t\t\t<h2 class=\"elementor-heading-title elementor-size-default\">Paul-Gerardy-Museum in Burg-Reuland<\/h2>\t\t\t\t<\/div>\n\t\t\t\t<\/div>\n\t\t\t\t\t<\/div>\n\t\t\t\t<\/div>\n\t\t<div class=\"elementor-element elementor-element-a64b533 e-flex e-con-boxed e-con e-parent\" data-id=\"a64b533\" data-element_type=\"container\" data-e-type=\"container\">\n\t\t\t\t\t<div class=\"e-con-inner\">\n\t\t<div class=\"elementor-element elementor-element-948f9f6 e-con-full e-flex e-con e-child\" data-id=\"948f9f6\" data-element_type=\"container\" data-e-type=\"container\">\n\t\t\t\t<div class=\"elementor-element elementor-element-a22a827 elementor-widget elementor-widget-image\" data-id=\"a22a827\" data-element_type=\"widget\" data-e-type=\"widget\" data-widget_type=\"image.default\">\n\t\t\t\t<div class=\"elementor-widget-container\">\n\t\t\t\t\t\t\t\t\t\t\t\t\t\t\t<img loading=\"lazy\" decoding=\"async\" width=\"150\" height=\"103\" src=\"https:\/\/www.maldingen.be\/wp-content\/uploads\/2023\/10\/21846d7d46aa4c6e84acb2ffc10beb6c.png\" class=\"attachment-large size-large wp-image-6164\" alt=\"\" \/>\t\t\t\t\t\t\t\t\t\t\t\t\t\t\t<\/div>\n\t\t\t\t<\/div>\n\t\t\t\t<\/div>\n\t\t<div class=\"elementor-element elementor-element-8d2b460 e-con-full e-flex e-con e-child\" data-id=\"8d2b460\" data-element_type=\"container\" data-e-type=\"container\">\n\t\t\t\t<div class=\"elementor-element elementor-element-28ec92e elementor-widget elementor-widget-text-editor\" data-id=\"28ec92e\" data-element_type=\"widget\" data-e-type=\"widget\" data-widget_type=\"text-editor.default\">\n\t\t\t\t<div class=\"elementor-widget-container\">\n\t\t\t\t\t\t\t\t\t<p>Im Obergeschoss des Kulturhauses in Burg-Reuland befindet sich neben anderen Sammlungen das Paul-Gerardy-Museum, das 1986 im Beisein der damaligen Prinzessin Paola er\u00f6ffnet worden war. Mittlerweile beschr\u00e4nkt es sich auf zwei Vitrinen zu Leben und Werk des Dichters.<\/p><div id=\"ConnectiveDocSignExtentionInstalled\" data-extension-version=\"1.0.4\">\u00a0<\/div>\t\t\t\t\t\t\t\t<\/div>\n\t\t\t\t<\/div>\n\t\t\t\t<\/div>\n\t\t\t\t\t<\/div>\n\t\t\t\t<\/div>\n\t\t\t\t<\/div>\n\t\t","protected":false},"excerpt":{"rendered":"<p>\u00a0 Paul G\u00e9rardy, ein belgischer Schriftsteller und Dichter, wurde am 15. Februar 1870 in Maldingen (damals K\u00f6nigreich Preu\u00dfen) geboren. Bibliographie 1890-1891:\u00a0Philosophie- und Philologiestudium an der Universit\u00e4t von L\u00fcttich. 1894: Paul G\u00e9rardy heiratet Louise Delvoie in L\u00fcttich. Das Ehepaar unternimmt ihre Hochzeitsreise w\u00e4hrend mehrerer Monate in Deutschland, wo sie dem deutschen Schriftsteller Stefan George und dem &hellip;<\/p>\n","protected":false},"author":1,"featured_media":0,"parent":4947,"menu_order":0,"comment_status":"closed","ping_status":"closed","template":"template-fullwidth.php","meta":{"_mc_calendar":[],"footnotes":""},"class_list":["post-6138","page","type-page","status-publish","hentry"],"_links":{"self":[{"href":"https:\/\/www.maldingen.be\/index.php\/wp-json\/wp\/v2\/pages\/6138","targetHints":{"allow":["GET"]}}],"collection":[{"href":"https:\/\/www.maldingen.be\/index.php\/wp-json\/wp\/v2\/pages"}],"about":[{"href":"https:\/\/www.maldingen.be\/index.php\/wp-json\/wp\/v2\/types\/page"}],"author":[{"embeddable":true,"href":"https:\/\/www.maldingen.be\/index.php\/wp-json\/wp\/v2\/users\/1"}],"replies":[{"embeddable":true,"href":"https:\/\/www.maldingen.be\/index.php\/wp-json\/wp\/v2\/comments?post=6138"}],"version-history":[{"count":28,"href":"https:\/\/www.maldingen.be\/index.php\/wp-json\/wp\/v2\/pages\/6138\/revisions"}],"predecessor-version":[{"id":7431,"href":"https:\/\/www.maldingen.be\/index.php\/wp-json\/wp\/v2\/pages\/6138\/revisions\/7431"}],"up":[{"embeddable":true,"href":"https:\/\/www.maldingen.be\/index.php\/wp-json\/wp\/v2\/pages\/4947"}],"wp:attachment":[{"href":"https:\/\/www.maldingen.be\/index.php\/wp-json\/wp\/v2\/media?parent=6138"}],"curies":[{"name":"wp","href":"https:\/\/api.w.org\/{rel}","templated":true}]}}