{"id":6658,"date":"2023-11-02T14:24:40","date_gmt":"2023-11-02T14:24:40","guid":{"rendered":"https:\/\/www.maldingen.be\/?page_id=6658"},"modified":"2023-11-06T16:39:57","modified_gmt":"2023-11-06T16:39:57","slug":"urspruengliche-ziele-2011","status":"publish","type":"page","link":"https:\/\/www.maldingen.be\/index.php\/vereine\/dorfgemeinschaft-maldingen-v-o-g\/urspruengliche-ziele-2011\/","title":{"rendered":"Urspr\u00fcngliche Ziele 2011"},"content":{"rendered":"\t\t<div data-elementor-type=\"wp-page\" data-elementor-id=\"6658\" class=\"elementor elementor-6658\">\n\t\t\t\t<div class=\"elementor-element elementor-element-55d4c56 e-flex e-con-boxed e-con e-parent\" data-id=\"55d4c56\" data-element_type=\"container\" data-e-type=\"container\">\n\t\t\t\t\t<div class=\"e-con-inner\">\n\t\t<div class=\"elementor-element elementor-element-a3842f0 e-con-full e-flex e-con e-child\" data-id=\"a3842f0\" data-element_type=\"container\" data-e-type=\"container\">\n\t\t\t\t<div class=\"elementor-element elementor-element-55aab58 elementor-widget elementor-widget-text-editor\" data-id=\"55aab58\" data-element_type=\"widget\" data-e-type=\"widget\" data-widget_type=\"text-editor.default\">\n\t\t\t\t<div class=\"elementor-widget-container\">\n\t\t\t\t\t\t\t\t\t<p>Nach den Bemerkungen der Jury (Juni 2011) und nach einer freien Aussprache aller Beteiligten der Dorfgruppe und einer anschlie\u00dfenden Bewertung konnten wir folgende Liste unserer Verbesserungs\u00advorschl\u00e4ge aufstellen:<\/p><div id=\"ConnectiveDocSignExtentionInstalled\" data-extension-version=\"1.0.4\">\u00a0<\/div>\t\t\t\t\t\t\t\t<\/div>\n\t\t\t\t<\/div>\n\t\t\t\t<\/div>\n\t\t<div class=\"elementor-element elementor-element-a45c741 e-con-full e-flex e-con e-child\" data-id=\"a45c741\" data-element_type=\"container\" data-e-type=\"container\">\n\t\t\t\t<div class=\"elementor-element elementor-element-04bb446 elementor-widget elementor-widget-wp-widget-nav_menu\" data-id=\"04bb446\" data-element_type=\"widget\" data-e-type=\"widget\" data-widget_type=\"wp-widget-nav_menu.default\">\n\t\t\t\t<div class=\"elementor-widget-container\">\n\t\t\t\t\t<div class=\"menu-dorfgemeinschaft-container\"><ul id=\"menu-dorfgemeinschaft\" class=\"menu\"><li id=\"menu-item-6583\" class=\"menu-item menu-item-type-post_type menu-item-object-page menu-item-6583\"><a href=\"https:\/\/www.maldingen.be\/index.php\/vereine\/dorfgemeinschaft-maldingen-v-o-g\/\">Dorfgemeinschaft Maldingen V.o.G.<\/a><\/li>\n<li id=\"menu-item-6629\" class=\"menu-item menu-item-type-post_type menu-item-object-page menu-item-6629\"><a href=\"https:\/\/www.maldingen.be\/index.php\/vereine\/dorfgemeinschaft-maldingen-v-o-g\/ansprechpartner\/\">Ansprechpartner<\/a><\/li>\n<li id=\"menu-item-6642\" class=\"menu-item menu-item-type-post_type menu-item-object-page menu-item-6642\"><a href=\"https:\/\/www.maldingen.be\/index.php\/vereine\/dorfgemeinschaft-maldingen-v-o-g\/preisverleihung-des-europaeischen-dorfwettbewerbs\/\">Preisverleihung Dorfwettbewerb<\/a><\/li>\n<li id=\"menu-item-6654\" class=\"menu-item menu-item-type-post_type menu-item-object-page menu-item-6654\"><a href=\"https:\/\/www.maldingen.be\/index.php\/vereine\/dorfgemeinschaft-maldingen-v-o-g\/dorfwettbewerb-sieger-2013\/\">Dorfwettbewerb \u2013 Sieger 2013<\/a><\/li>\n<li id=\"menu-item-6663\" class=\"menu-item menu-item-type-post_type menu-item-object-page menu-item-6663\"><a href=\"https:\/\/www.maldingen.be\/index.php\/vereine\/dorfgemeinschaft-maldingen-v-o-g\/urspruengliche-ziele-2011\/\">Urspr\u00fcngliche Ziele 2011<\/a><\/li>\n<\/ul><\/div>\t\t\t\t<\/div>\n\t\t\t\t<\/div>\n\t\t\t\t<\/div>\n\t\t\t\t\t<\/div>\n\t\t\t\t<\/div>\n\t\t<div class=\"elementor-element elementor-element-1f9e0ed e-flex e-con-boxed e-con e-parent\" data-id=\"1f9e0ed\" data-element_type=\"container\" data-e-type=\"container\">\n\t\t\t\t\t<div class=\"e-con-inner\">\n\t\t\t\t<div class=\"elementor-element elementor-element-899d6ff elementor-widget elementor-widget-text-editor\" data-id=\"899d6ff\" data-element_type=\"widget\" data-e-type=\"widget\" data-widget_type=\"text-editor.default\">\n\t\t\t\t<div class=\"elementor-widget-container\">\n\t\t\t\t\t\t\t\t\t<table border=\"1\" width=\"100%\" cellspacing=\"0\" cellpadding=\"4\"><tbody><tr valign=\"top\"><td width=\"26%\"><p>Vorschl\u00e4ge<\/p><\/td><td valign=\"middle\" width=\"8%\"><p>Wert<\/p><\/td><td valign=\"middle\" width=\"66%\"><p>Erkl\u00e4rungen<\/p><\/td><\/tr><tr valign=\"top\"><td valign=\"middle\" width=\"26%\"><p>Verkehrsberuhigungen wie Kreisverkehr, Stra\u00dfenkreuzung markieren, Zebra-streifen beleuchten<\/p><\/td><td valign=\"middle\" width=\"8%\"><p>11 Punkte<\/p><\/td><td valign=\"middle\" width=\"66%\"><p>Dorferneuerung hei\u00dft auch, das Dorf, die Wohnum\u00adgebung und die Mobilit\u00e4tsinfratruktur (Stra\u00dfen, B\u00fcrger\u00adsteige, Parkpl\u00e4tze, \u2026.) sicherer gestalten.<\/p><\/td><\/tr><tr valign=\"top\"><td valign=\"middle\" width=\"26%\"><p>Dorfplatz<\/p><\/td><td valign=\"middle\" width=\"8%\"><p>9 Punkte<\/p><\/td><td valign=\"middle\" width=\"66%\"><p>Das Dorfleben verbessern<\/p><\/td><\/tr><tr valign=\"top\"><td valign=\"middle\" width=\"26%\"><p>Ortsversch\u00f6nerung mit Stra\u00dfeneinengung<\/p><\/td><td valign=\"middle\" width=\"8%\"><p>7 Punkte<\/p><\/td><td valign=\"middle\" width=\"66%\"><p>Im beidseitigen Stra\u00dfenraum Gr\u00fcnfl\u00e4chen und Blumen\u00adkisten anlegen, ggfls auch auf privaten Fl\u00e4chen<\/p><\/td><\/tr><tr valign=\"top\"><td valign=\"middle\" width=\"26%\"><p>Baustellenmangel<\/p><\/td><td valign=\"middle\" width=\"8%\"><p>7 Punkte<\/p><\/td><td valign=\"middle\" width=\"66%\"><p>Entgegenwirken damit junge Paaren hier ans\u00e4ssig zu werden<\/p><\/td><\/tr><tr valign=\"top\"><td valign=\"middle\" width=\"26%\"><p>Infoblatt<\/p><\/td><td valign=\"middle\" width=\"8%\"><p>5 Punkte<\/p><\/td><td valign=\"middle\" width=\"66%\"><p>Austausch zwischen Vereinen,\u00a0Dorfgruppe und Bewohnern<\/p><\/td><\/tr><tr valign=\"top\"><td valign=\"middle\" width=\"26%\"><p>Landschaftspflege : Bahndamm s\u00e4ubern Schrottpl\u00e4tze entfernen<\/p><\/td><td valign=\"middle\" width=\"8%\"><p>4 Punkte<\/p><\/td><td valign=\"middle\" width=\"66%\"><p>Ehemalige Bahnstrecke als Entwicklungschance f\u00fcr Biotop (Jury) Ausstrahlung einer gepflegten Landschaft<\/p><p>Eine Ravelstrecke auf der Bahnlinie ist in Planung<\/p><\/td><\/tr><tr valign=\"top\"><td valign=\"middle\" width=\"26%\"><p>Dorfschule<\/p><\/td><td valign=\"middle\" width=\"8%\"><p>3 Punkte<\/p><\/td><td valign=\"middle\" width=\"66%\"><p>Eine Schule bleibt nur, wenn junge Familien ans\u00e4ssig sind<\/p><\/td><\/tr><tr valign=\"top\"><td valign=\"middle\" width=\"26%\"><p>Kulturelle Highlights<\/p><\/td><td valign=\"middle\" width=\"8%\"><p>1 Punkt<\/p><\/td><td valign=\"middle\" width=\"66%\"><p>Angebot und Werbung f\u00fcr das Dorf<\/p><\/td><\/tr><tr valign=\"top\"><td valign=\"middle\" width=\"26%\"><p>Eigene Webseite<\/p><\/td><td valign=\"middle\" width=\"8%\"><p>1 Punkt<\/p><\/td><td valign=\"middle\" width=\"66%\"><p>Erg\u00e4nzung oder Ersatz des Infoblatts (5 Punkte !!)<\/p><\/td><\/tr><\/tbody><\/table><div id=\"simple-translate\" class=\"simple-translate-system-theme\"><div><div class=\"simple-translate-panel \" style=\"width: 300px; height: 200px; top: 0px; left: 0px; font-size: 13px;\"><div class=\"simple-translate-result-wrapper\" style=\"overflow: hidden;\"><div class=\"simple-translate-result-contents\"><p class=\"simple-translate-candidate\" dir=\"auto\">\u00a0<\/p><\/div><\/div><\/div><\/div><\/div><div id=\"ConnectiveDocSignExtentionInstalled\" data-extension-version=\"1.0.4\">\u00a0<\/div>\t\t\t\t\t\t\t\t<\/div>\n\t\t\t\t<\/div>\n\t\t\t\t\t<\/div>\n\t\t\t\t<\/div>\n\t\t\t\t<\/div>\n\t\t","protected":false},"excerpt":{"rendered":"<p>Nach den Bemerkungen der Jury (Juni 2011) und nach einer freien Aussprache aller Beteiligten der Dorfgruppe und einer anschlie\u00dfenden Bewertung konnten wir folgende Liste unserer Verbesserungs\u00advorschl\u00e4ge aufstellen: \u00a0 Vorschl\u00e4ge Wert Erkl\u00e4rungen Verkehrsberuhigungen wie Kreisverkehr, Stra\u00dfenkreuzung markieren, Zebra-streifen beleuchten 11 Punkte Dorferneuerung hei\u00dft auch, das Dorf, die Wohnum\u00adgebung und die Mobilit\u00e4tsinfratruktur (Stra\u00dfen, B\u00fcrger\u00adsteige, Parkpl\u00e4tze, \u2026.) sicherer &hellip;<\/p>\n","protected":false},"author":1,"featured_media":0,"parent":6580,"menu_order":0,"comment_status":"closed","ping_status":"closed","template":"template-fullwidth.php","meta":{"_mc_calendar":[],"footnotes":""},"class_list":["post-6658","page","type-page","status-publish","hentry"],"_links":{"self":[{"href":"https:\/\/www.maldingen.be\/index.php\/wp-json\/wp\/v2\/pages\/6658","targetHints":{"allow":["GET"]}}],"collection":[{"href":"https:\/\/www.maldingen.be\/index.php\/wp-json\/wp\/v2\/pages"}],"about":[{"href":"https:\/\/www.maldingen.be\/index.php\/wp-json\/wp\/v2\/types\/page"}],"author":[{"embeddable":true,"href":"https:\/\/www.maldingen.be\/index.php\/wp-json\/wp\/v2\/users\/1"}],"replies":[{"embeddable":true,"href":"https:\/\/www.maldingen.be\/index.php\/wp-json\/wp\/v2\/comments?post=6658"}],"version-history":[{"count":10,"href":"https:\/\/www.maldingen.be\/index.php\/wp-json\/wp\/v2\/pages\/6658\/revisions"}],"predecessor-version":[{"id":6991,"href":"https:\/\/www.maldingen.be\/index.php\/wp-json\/wp\/v2\/pages\/6658\/revisions\/6991"}],"up":[{"embeddable":true,"href":"https:\/\/www.maldingen.be\/index.php\/wp-json\/wp\/v2\/pages\/6580"}],"wp:attachment":[{"href":"https:\/\/www.maldingen.be\/index.php\/wp-json\/wp\/v2\/media?parent=6658"}],"curies":[{"name":"wp","href":"https:\/\/api.w.org\/{rel}","templated":true}]}}