{"id":6672,"date":"2023-11-02T14:30:20","date_gmt":"2023-11-02T14:30:20","guid":{"rendered":"https:\/\/www.maldingen.be\/?page_id=6672"},"modified":"2023-12-01T16:34:00","modified_gmt":"2023-12-01T16:34:00","slug":"fussballclub-afc-maldingen","status":"publish","type":"page","link":"https:\/\/www.maldingen.be\/index.php\/vereine\/fussballclub-afc-maldingen\/","title":{"rendered":"Fussballclub AFC Maldingen"},"content":{"rendered":"\t\t<div data-elementor-type=\"wp-page\" data-elementor-id=\"6672\" class=\"elementor elementor-6672\">\n\t\t\t\t<div class=\"elementor-element elementor-element-3687671 e-flex e-con-boxed e-con e-parent\" data-id=\"3687671\" data-element_type=\"container\" data-e-type=\"container\">\n\t\t\t\t\t<div class=\"e-con-inner\">\n\t\t<div class=\"elementor-element elementor-element-725ee02 e-con-full e-flex e-con e-child\" data-id=\"725ee02\" data-element_type=\"container\" data-e-type=\"container\">\n\t\t\t\t<div class=\"elementor-element elementor-element-f597c88 elementor-widget elementor-widget-text-editor\" data-id=\"f597c88\" data-element_type=\"widget\" data-e-type=\"widget\" data-widget_type=\"text-editor.default\">\n\t\t\t\t<div class=\"elementor-widget-container\">\n\t\t\t\t\t\t\t\t\t<h2 data-zpfieldname=\"headline\">Chronik<\/h2><p>1983 Gr\u00fcndung und Herrichten eines Fu\u00dfballplatzes auf dem Wittem<\/p><p>1985 Gr\u00fcndung einer Damenmannschaft<\/p><p>1988 Zeltfest am 30. und 31.07.<\/p><p>1989 Betritt zur GAF und Teilnahme an Hallenmeisterschaft und Feldpokal<\/p><p>1991 Umzug (mit Kantine) zum neuen Fu\u00dfballplatz an der Bahn.\u00a0 Einweihung am 30., 31.08. und 01.09.\u00a0 mit gro\u00dfen Zeltfest<\/p><p>1992 Teilnahme an Feldmeisterschaft<\/p><p>1993 Pokalendspiel der GAF in Maldingen (Manderfeld-Rodt)<\/p><p>1998 Organisation des Gemeindepokals<\/p><p>2002 Gewinn der GAF-Feldmeisterschaft<\/p><p>2008 Gewinn des GAF-Feldpokals in Maldingen<\/p><p>2022 Gewinn des GAF-Feldpokals in Maldingen<\/p><p>2023 Organisation des Gemeindepokals<\/p><div id=\"ConnectiveDocSignExtentionInstalled\" data-extension-version=\"1.0.4\">\u00a0<\/div>\t\t\t\t\t\t\t\t<\/div>\n\t\t\t\t<\/div>\n\t\t\t\t<\/div>\n\t\t<div class=\"elementor-element elementor-element-c809937 e-con-full e-flex e-con e-child\" data-id=\"c809937\" data-element_type=\"container\" data-e-type=\"container\">\n\t\t\t\t<div class=\"elementor-element elementor-element-a97934f elementor-widget elementor-widget-wp-widget-nav_menu\" data-id=\"a97934f\" data-element_type=\"widget\" data-e-type=\"widget\" data-widget_type=\"wp-widget-nav_menu.default\">\n\t\t\t\t<div class=\"elementor-widget-container\">\n\t\t\t\t\t<div class=\"menu-fussballclub-container\"><ul id=\"menu-fussballclub\" class=\"menu\"><li id=\"menu-item-6680\" class=\"menu-item menu-item-type-post_type menu-item-object-page menu-item-6680\"><a href=\"https:\/\/www.maldingen.be\/index.php\/vereine\/fussballclub-afc-maldingen\/\">Fussballclub AFC Maldingen<\/a><\/li>\n<li id=\"menu-item-6689\" class=\"menu-item menu-item-type-post_type menu-item-object-page menu-item-6689\"><a href=\"https:\/\/www.maldingen.be\/index.php\/vereine\/fussballclub-afc-maldingen\/spiele-in-maldingen\/\">Spiele in Maldingen<\/a><\/li>\n<li id=\"menu-item-6701\" class=\"menu-item menu-item-type-post_type menu-item-object-page menu-item-6701\"><a href=\"https:\/\/www.maldingen.be\/index.php\/vereine\/fussballclub-afc-maldingen\/erfolge\/\">Erfolge<\/a><\/li>\n<\/ul><\/div>\t\t\t\t<\/div>\n\t\t\t\t<\/div>\n\t\t\t\t<\/div>\n\t\t\t\t\t<\/div>\n\t\t\t\t<\/div>\n\t\t<div class=\"elementor-element elementor-element-a0d3143 e-flex e-con-boxed e-con e-parent\" data-id=\"a0d3143\" data-element_type=\"container\" data-e-type=\"container\">\n\t\t\t\t\t<div class=\"e-con-inner\">\n\t\t<div class=\"elementor-element elementor-element-2438db2 e-con-full e-flex e-con e-child\" data-id=\"2438db2\" data-element_type=\"container\" data-e-type=\"container\">\n\t\t\t\t<div class=\"elementor-element elementor-element-1acbc62 elementor-widget elementor-widget-text-editor\" data-id=\"1acbc62\" data-element_type=\"widget\" data-e-type=\"widget\" data-widget_type=\"text-editor.default\">\n\t\t\t\t<div class=\"elementor-widget-container\">\n\t\t\t\t\t\t\t\t\t<div class=\"zpRow standard \" data-row-id=\"116\"><div class=\"zpColumn odd zpColumnWidth1 c12 first last\" data-column-id=\"116\"><div class=\"zpColumnItem\"><div id=\"a1410\" class=\"articlearea zpwText\" data-article-id=\"1410\" data-zpleid=\"1410\"><h2 data-zpfieldname=\"headline\">Kontakt<\/h2><p>AFC Maldingen V.o.G<\/p><p><strong>Pr\u00e4sident :<\/strong>\u00a0<br \/>HOFFMANN Herbert<br \/>Hochtumsstra\u00dfe, Maldingen 26<br \/>4790 BURG-REULAND \u00a0\u00a0 \u00a0<br \/><strong>Tel. :<\/strong>\u00a0080\/226661<br \/><strong>E-Mail :<\/strong>\u00a0<a>herbert_hoffmann@swing.be<\/a><\/p><p><strong>Schriftf\u00fchrer :<\/strong>\u00a0\u00a0\u00a0\u00a0\u00a0<br \/>FEYEN Mario<br \/>Marktstra\u00dfe, Maldingen 12<br \/>4790 BURG-REULAND \u00a0\u00a0 \u00a0<br \/><strong>E-Mail :<\/strong>\u00a0<a>mario.feyen@skynet.be<\/a><\/p><\/div><\/div><\/div><\/div><div id=\"simple-translate\" class=\"simple-translate-system-theme\"><div><div class=\"simple-translate-button isShow\" style=\"background-image: url('moz-extension:\/\/2a906298-1a79-46da-ac1f-3023fa08a3ad\/icons\/512.png'); height: 22px; width: 22px; top: 7px; left: -12px;\">\u00a0<\/div><div class=\"simple-translate-panel \" style=\"width: 300px; height: 200px; top: 0px; left: 0px; font-size: 13px;\"><div class=\"simple-translate-result-wrapper\" style=\"overflow: hidden;\"><div class=\"simple-translate-move\" draggable=\"true\">\u00a0<\/div><div class=\"simple-translate-result-contents\"><p class=\"simple-translate-result\" dir=\"auto\">\u00a0<\/p><p class=\"simple-translate-candidate\" dir=\"auto\">\u00a0<\/p><\/div><\/div><\/div><\/div><\/div>\t\t\t\t\t\t\t\t<\/div>\n\t\t\t\t<\/div>\n\t\t\t\t<\/div>\n\t\t<div class=\"elementor-element elementor-element-9bbbc21 e-con-full e-flex e-con e-child\" data-id=\"9bbbc21\" data-element_type=\"container\" data-e-type=\"container\">\n\t\t\t\t<\/div>\n\t\t\t\t\t<\/div>\n\t\t\t\t<\/div>\n\t\t\t\t<\/div>\n\t\t","protected":false},"excerpt":{"rendered":"<p>Chronik 1983 Gr\u00fcndung und Herrichten eines Fu\u00dfballplatzes auf dem Wittem 1985 Gr\u00fcndung einer Damenmannschaft 1988 Zeltfest am 30. und 31.07. 1989 Betritt zur GAF und Teilnahme an Hallenmeisterschaft und Feldpokal 1991 Umzug (mit Kantine) zum neuen Fu\u00dfballplatz an der Bahn.\u00a0 Einweihung am 30., 31.08. und 01.09.\u00a0 mit gro\u00dfen Zeltfest 1992 Teilnahme an Feldmeisterschaft 1993 Pokalendspiel &hellip;<\/p>\n","protected":false},"author":1,"featured_media":0,"parent":6601,"menu_order":0,"comment_status":"closed","ping_status":"closed","template":"template-fullwidth.php","meta":{"_mc_calendar":[],"footnotes":""},"class_list":["post-6672","page","type-page","status-publish","hentry"],"_links":{"self":[{"href":"https:\/\/www.maldingen.be\/index.php\/wp-json\/wp\/v2\/pages\/6672","targetHints":{"allow":["GET"]}}],"collection":[{"href":"https:\/\/www.maldingen.be\/index.php\/wp-json\/wp\/v2\/pages"}],"about":[{"href":"https:\/\/www.maldingen.be\/index.php\/wp-json\/wp\/v2\/types\/page"}],"author":[{"embeddable":true,"href":"https:\/\/www.maldingen.be\/index.php\/wp-json\/wp\/v2\/users\/1"}],"replies":[{"embeddable":true,"href":"https:\/\/www.maldingen.be\/index.php\/wp-json\/wp\/v2\/comments?post=6672"}],"version-history":[{"count":14,"href":"https:\/\/www.maldingen.be\/index.php\/wp-json\/wp\/v2\/pages\/6672\/revisions"}],"predecessor-version":[{"id":7372,"href":"https:\/\/www.maldingen.be\/index.php\/wp-json\/wp\/v2\/pages\/6672\/revisions\/7372"}],"up":[{"embeddable":true,"href":"https:\/\/www.maldingen.be\/index.php\/wp-json\/wp\/v2\/pages\/6601"}],"wp:attachment":[{"href":"https:\/\/www.maldingen.be\/index.php\/wp-json\/wp\/v2\/media?parent=6672"}],"curies":[{"name":"wp","href":"https:\/\/api.w.org\/{rel}","templated":true}]}}