{"id":6714,"date":"2023-11-02T14:54:27","date_gmt":"2023-11-02T14:54:27","guid":{"rendered":"https:\/\/www.maldingen.be\/?page_id=6714"},"modified":"2023-11-02T14:55:15","modified_gmt":"2023-11-02T14:55:15","slug":"kgl-kirchenchor-st-johann-maldingen","status":"publish","type":"page","link":"https:\/\/www.maldingen.be\/index.php\/vereine\/kgl-kirchenchor-st-johann-maldingen\/","title":{"rendered":"Kgl. Kirchenchor &#8220;St. Johann&#8221; Maldingen"},"content":{"rendered":"\t\t<div data-elementor-type=\"wp-page\" data-elementor-id=\"6714\" class=\"elementor elementor-6714\">\n\t\t\t\t<div class=\"elementor-element elementor-element-4edb4eb e-flex e-con-boxed e-con e-parent\" data-id=\"4edb4eb\" data-element_type=\"container\" data-e-type=\"container\">\n\t\t\t\t\t<div class=\"e-con-inner\">\n\t\t\t\t<div class=\"elementor-element elementor-element-d8385a6 elementor-widget elementor-widget-text-editor\" data-id=\"d8385a6\" data-element_type=\"widget\" data-e-type=\"widget\" data-widget_type=\"text-editor.default\">\n\t\t\t\t<div class=\"elementor-widget-container\">\n\t\t\t\t\t\t\t\t\t<div class=\"zpRow standard \" data-row-id=\"418\"><div class=\"zpColumn odd zpColumnWidth1 c12 first last\" data-column-id=\"428\"><div class=\"zpColumnItem\"><div id=\"a1710\" class=\"articlearea zpwText\" data-article-id=\"1710\" data-zpleid=\"1710\"><h3 data-zpfieldname=\"headline\">Chronik<\/h3><p>1927 Gr\u00fcndung des Kirchenchors im Oktober mit Dirigent Herr Thyssen aus St. Vith<\/p><p>1930 Erster Auftritt beim Dekanatstreffen in Sch\u00f6nberg<\/p><p>1945 Wiederaufnahme des Gesangs mit Dirigent Nikolaus Scheuren<\/p><p>1965 Dirigent Adolf Lenges \u00fcbernimmt und Theaterauff\u00fchrungen im Winter 1965-66<\/p><p>1977 Verleihung des Titels &#8220;K\u00f6niglich&#8221; zum\u00a050. Geburtstag<\/p><p>2017 Zeltfest vom 12. bis 14.5. zum 90. Geburtstag<\/p><\/div><\/div><\/div><\/div><div class=\"zpRow standard \" data-row-id=\"417\"><div class=\"zpColumn odd zpColumnWidth1 c12 first last\" data-column-id=\"427\"><div class=\"zpColumnItem\"><div id=\"a1709\" class=\"articlearea zpwText\" data-article-id=\"1709\" data-zpleid=\"1709\"><h2 data-zpfieldname=\"headline\">Kontakt<\/h2><p><strong>Pr\u00e4sident :<\/strong>\u00a0\u00a0\u00a0 \u00a0<br \/>MARAITE Ludwig<br \/>Hochtumsstra\u00dfe, Maldingen 57<br \/>4790 BURG-REULAND \u00a0\u00a0 \u00a0<\/p><p><strong>Schriftf\u00fchrer :<\/strong> <br \/>GILLESSEN Erich<br \/>Wittemstra\u00dfe, Maldingen 52<br \/>4790 BURG-REULAND <br \/><strong>Tel. :<\/strong> 080\/22 96 70<\/p><\/div><\/div><\/div><\/div>\t\t\t\t\t\t\t\t<\/div>\n\t\t\t\t<\/div>\n\t\t\t\t\t<\/div>\n\t\t\t\t<\/div>\n\t\t\t\t<\/div>\n\t\t","protected":false},"excerpt":{"rendered":"<p>Chronik 1927 Gr\u00fcndung des Kirchenchors im Oktober mit Dirigent Herr Thyssen aus St. Vith 1930 Erster Auftritt beim Dekanatstreffen in Sch\u00f6nberg 1945 Wiederaufnahme des Gesangs mit Dirigent Nikolaus Scheuren 1965 Dirigent Adolf Lenges \u00fcbernimmt und Theaterauff\u00fchrungen im Winter 1965-66 1977 Verleihung des Titels &#8220;K\u00f6niglich&#8221; zum\u00a050. Geburtstag 2017 Zeltfest vom 12. bis 14.5. zum 90. Geburtstag &hellip;<\/p>\n","protected":false},"author":1,"featured_media":0,"parent":6601,"menu_order":0,"comment_status":"closed","ping_status":"closed","template":"template-fullwidth.php","meta":{"_mc_calendar":[],"footnotes":""},"class_list":["post-6714","page","type-page","status-publish","hentry"],"_links":{"self":[{"href":"https:\/\/www.maldingen.be\/index.php\/wp-json\/wp\/v2\/pages\/6714","targetHints":{"allow":["GET"]}}],"collection":[{"href":"https:\/\/www.maldingen.be\/index.php\/wp-json\/wp\/v2\/pages"}],"about":[{"href":"https:\/\/www.maldingen.be\/index.php\/wp-json\/wp\/v2\/types\/page"}],"author":[{"embeddable":true,"href":"https:\/\/www.maldingen.be\/index.php\/wp-json\/wp\/v2\/users\/1"}],"replies":[{"embeddable":true,"href":"https:\/\/www.maldingen.be\/index.php\/wp-json\/wp\/v2\/comments?post=6714"}],"version-history":[{"count":4,"href":"https:\/\/www.maldingen.be\/index.php\/wp-json\/wp\/v2\/pages\/6714\/revisions"}],"predecessor-version":[{"id":6718,"href":"https:\/\/www.maldingen.be\/index.php\/wp-json\/wp\/v2\/pages\/6714\/revisions\/6718"}],"up":[{"embeddable":true,"href":"https:\/\/www.maldingen.be\/index.php\/wp-json\/wp\/v2\/pages\/6601"}],"wp:attachment":[{"href":"https:\/\/www.maldingen.be\/index.php\/wp-json\/wp\/v2\/media?parent=6714"}],"curies":[{"name":"wp","href":"https:\/\/api.w.org\/{rel}","templated":true}]}}