{"id":6746,"date":"2023-11-02T15:00:49","date_gmt":"2023-11-02T15:00:49","guid":{"rendered":"https:\/\/www.maldingen.be\/?page_id=6746"},"modified":"2023-11-02T15:01:28","modified_gmt":"2023-11-02T15:01:28","slug":"theaterverein-froehliche-runde","status":"publish","type":"page","link":"https:\/\/www.maldingen.be\/index.php\/vereine\/theaterverein-froehliche-runde\/","title":{"rendered":"Theaterverein &#8220;Fr\u00f6hliche Runde&#8221;"},"content":{"rendered":"\t\t<div data-elementor-type=\"wp-page\" data-elementor-id=\"6746\" class=\"elementor elementor-6746\">\n\t\t\t\t<div class=\"elementor-element elementor-element-d22d347 e-flex e-con-boxed e-con e-parent\" data-id=\"d22d347\" data-element_type=\"container\" data-e-type=\"container\">\n\t\t\t\t\t<div class=\"e-con-inner\">\n\t\t\t\t<div class=\"elementor-element elementor-element-7a8ab9c elementor-widget elementor-widget-text-editor\" data-id=\"7a8ab9c\" data-element_type=\"widget\" data-e-type=\"widget\" data-widget_type=\"text-editor.default\">\n\t\t\t\t<div class=\"elementor-widget-container\">\n\t\t\t\t\t\t\t\t\t<div class=\"zpRow standard \" data-row-id=\"427\"><div class=\"zpColumn odd zpColumnWidth1 c12 first last\" data-column-id=\"437\"><div class=\"zpColumnItem\"><div id=\"a1719\" class=\"articlearea zpwText\" data-article-id=\"1719\" data-zpleid=\"1719\"><h3 data-zpfieldname=\"headline\">Chronik<\/h3><p>1989 Erste Theaterauff\u00fchrung der Landfrauen beim Treff der Senioren<\/p><p>1994 Gr\u00fcndung und &#8220;Aufnahme&#8221; von M\u00e4nnern<\/p><\/div><\/div><\/div><\/div>\t\t\t\t\t\t\t\t<\/div>\n\t\t\t\t<\/div>\n\t\t\t\t\t<\/div>\n\t\t\t\t<\/div>\n\t\t\t\t<\/div>\n\t\t","protected":false},"excerpt":{"rendered":"<p>Chronik 1989 Erste Theaterauff\u00fchrung der Landfrauen beim Treff der Senioren 1994 Gr\u00fcndung und &#8220;Aufnahme&#8221; von M\u00e4nnern<\/p>\n","protected":false},"author":1,"featured_media":0,"parent":6601,"menu_order":0,"comment_status":"closed","ping_status":"closed","template":"template-fullwidth.php","meta":{"_mc_calendar":[],"footnotes":""},"class_list":["post-6746","page","type-page","status-publish","hentry"],"_links":{"self":[{"href":"https:\/\/www.maldingen.be\/index.php\/wp-json\/wp\/v2\/pages\/6746","targetHints":{"allow":["GET"]}}],"collection":[{"href":"https:\/\/www.maldingen.be\/index.php\/wp-json\/wp\/v2\/pages"}],"about":[{"href":"https:\/\/www.maldingen.be\/index.php\/wp-json\/wp\/v2\/types\/page"}],"author":[{"embeddable":true,"href":"https:\/\/www.maldingen.be\/index.php\/wp-json\/wp\/v2\/users\/1"}],"replies":[{"embeddable":true,"href":"https:\/\/www.maldingen.be\/index.php\/wp-json\/wp\/v2\/comments?post=6746"}],"version-history":[{"count":4,"href":"https:\/\/www.maldingen.be\/index.php\/wp-json\/wp\/v2\/pages\/6746\/revisions"}],"predecessor-version":[{"id":6750,"href":"https:\/\/www.maldingen.be\/index.php\/wp-json\/wp\/v2\/pages\/6746\/revisions\/6750"}],"up":[{"embeddable":true,"href":"https:\/\/www.maldingen.be\/index.php\/wp-json\/wp\/v2\/pages\/6601"}],"wp:attachment":[{"href":"https:\/\/www.maldingen.be\/index.php\/wp-json\/wp\/v2\/media?parent=6746"}],"curies":[{"name":"wp","href":"https:\/\/api.w.org\/{rel}","templated":true}]}}