{"id":7151,"date":"2023-11-22T20:24:36","date_gmt":"2023-11-22T20:24:36","guid":{"rendered":"https:\/\/www.maldingen.be\/?page_id=7151"},"modified":"2023-12-02T08:53:02","modified_gmt":"2023-12-02T08:53:02","slug":"maienacht","status":"publish","type":"page","link":"https:\/\/www.maldingen.be\/index.php\/brauchtum-2\/maienacht\/","title":{"rendered":"Maienacht"},"content":{"rendered":"\t\t<div data-elementor-type=\"wp-page\" data-elementor-id=\"7151\" class=\"elementor elementor-7151\">\n\t\t\t\t<div class=\"elementor-element elementor-element-425e980 e-flex e-con-boxed e-con e-parent\" data-id=\"425e980\" data-element_type=\"container\" data-e-type=\"container\">\n\t\t\t\t\t<div class=\"e-con-inner\">\n\t\t<div class=\"elementor-element elementor-element-390cd0c e-con-full e-flex e-con e-child\" data-id=\"390cd0c\" data-element_type=\"container\" data-e-type=\"container\">\n\t\t\t\t<div class=\"elementor-element elementor-element-6283052 elementor-widget elementor-widget-image\" data-id=\"6283052\" data-element_type=\"widget\" data-e-type=\"widget\" data-widget_type=\"image.default\">\n\t\t\t\t<div class=\"elementor-widget-container\">\n\t\t\t\t\t\t\t\t\t\t\t\t\t\t\t\t<a href=\"https:\/\/www.maldingen.be\/index.php\/maienacht\/\">\n\t\t\t\t\t\t\t<img fetchpriority=\"high\" decoding=\"async\" width=\"631\" height=\"1024\" src=\"https:\/\/www.maldingen.be\/wp-content\/uploads\/2023\/11\/Maibaum-631x1024.jpg\" class=\"attachment-large size-large wp-image-6890\" alt=\"\" srcset=\"https:\/\/www.maldingen.be\/wp-content\/uploads\/2023\/11\/Maibaum-631x1024.jpg 631w, https:\/\/www.maldingen.be\/wp-content\/uploads\/2023\/11\/Maibaum-185x300.jpg 185w, https:\/\/www.maldingen.be\/wp-content\/uploads\/2023\/11\/Maibaum-768x1246.jpg 768w, https:\/\/www.maldingen.be\/wp-content\/uploads\/2023\/11\/Maibaum-947x1536.jpg 947w, https:\/\/www.maldingen.be\/wp-content\/uploads\/2023\/11\/Maibaum-1263x2048.jpg 1263w, https:\/\/www.maldingen.be\/wp-content\/uploads\/2023\/11\/Maibaum-scaled.jpg 1578w\" sizes=\"(max-width: 631px) 100vw, 631px\" \/>\t\t\t\t\t\t\t\t<\/a>\n\t\t\t\t\t\t\t\t\t\t\t\t\t\t\t<\/div>\n\t\t\t\t<\/div>\n\t\t\t\t<\/div>\n\t\t<div class=\"elementor-element elementor-element-f530ec4 e-con-full e-flex e-con e-child\" data-id=\"f530ec4\" data-element_type=\"container\" data-e-type=\"container\">\n\t\t\t\t<div class=\"elementor-element elementor-element-32b6435 elementor-widget elementor-widget-text-editor\" data-id=\"32b6435\" data-element_type=\"widget\" data-e-type=\"widget\" data-widget_type=\"text-editor.default\">\n\t\t\t\t<div class=\"elementor-widget-container\">\n\t\t\t\t\t\t\t\t\t<div class=\"vc_row wpb_row vc_row-fluid dt-default\">\n<div class=\"wpb_column vc_column_container vc_col-sm-12\">\n<div class=\"vc_column-inner\">\n<div class=\"wpb_wrapper\">\n<div class=\"wpb_text_column wpb_content_element \">\n<div class=\"wpb_wrapper\">\n<p>Am Vorabend der Nacht zum 1. Mai spielen einige Mitglieder des Musikvereins an Kreuzungen und an verschiedenen Orten die Maiennacht.<\/p>\n<p>In der Nacht singen die Junggesellen den M\u00e4dchen das Lied der Maiennacht und zieren ihr Haus mit einem mit bunten B\u00e4ndern geschm\u00fcckten Birkenzweig.<\/p>\n<p>\u00a0<\/p>\n<\/div>\n<p style=\"text-align: center;\">Der Text der Maienacht:<\/p>\n<div class=\"wpb_wrapper\">\n<p style=\"text-align: center;\"><em>Heimlich bei sternenklarer Nacht,<\/em><br \/><em>Wenn niemand au\u00dfer uns mehr wacht,<\/em><br \/><em>bei des Lockrufes s\u00fc\u00dfem Schall<\/em><br \/><em>der heimgekehrten Nachtigall<\/em><br \/><em>zieh\u2019n wir durch Busch und Land hinaus<\/em><br \/><em>zu schm\u00fccken unsers Liebchens Haus.<\/em><\/p>\n<p style=\"text-align: center;\"><em>Welch sch\u00f6ne Nacht, die Maiennacht,<\/em><br \/><em>wenn uns das Gl\u00fcck der Liebe lacht.<\/em><\/p>\n<p style=\"text-align: center;\"><em>Heim zieht\u2019s, es pflanzt der frohe Hauf<\/em><br \/><em>Vor Liebchens T\u00fcr den Maibaum auf,<\/em><br \/><em>klopft wie ein Hammer dann das Herz,<\/em><br \/><em>dann t\u00f6nt es leise himmelw\u00e4rts.<\/em><br \/><em>M\u00f6g dieser Gru\u00df die Maid erfreu\u2019n<\/em><br \/><em>und uns ihr Lohn beschieden sein.<\/em><\/p>\n<p style=\"text-align: center;\"><em>Welch sch\u00f6ne Nacht, die Maiennacht,<\/em><br \/><em>wenn uns das Gl\u00fcck der Liebe lacht.<\/em><\/p>\n<p style=\"text-align: center;\"><em>Durch unseren Sang vom Schlaf erwacht,<\/em><br \/><em>hat sie sich eilends aufgemacht;<\/em><br \/><em>lugt hinterm Fenster still heraus,<\/em><br \/><em>All unser Sehnen wird erh\u00f6rt,<\/em><br \/><em>wenn Hand und Herz sie uns gew\u00e4hrt.Hab<\/em><\/p>\n<p style=\"text-align: center;\"><em>Dank, du sch\u00f6ne Maiennacht,<\/em><br \/><em>die uns das Gl\u00fcck der Lieb\u2018 gebracht<\/em><\/p>\n<\/div>\n<\/div>\n<\/div>\n<\/div>\n<\/div>\n<\/div>\n<div id=\"ConnectiveDocSignExtentionInstalled\" data-extension-version=\"1.0.4\">\u00a0<\/div>\t\t\t\t\t\t\t\t<\/div>\n\t\t\t\t<\/div>\n\t\t\t\t<\/div>\n\t\t\t\t\t<\/div>\n\t\t\t\t<\/div>\n\t\t\t\t<\/div>\n\t\t","protected":false},"excerpt":{"rendered":"<p>Am Vorabend der Nacht zum 1. Mai spielen einige Mitglieder des Musikvereins an Kreuzungen und an verschiedenen Orten die Maiennacht. In der Nacht singen die Junggesellen den M\u00e4dchen das Lied der Maiennacht und zieren ihr Haus mit einem mit bunten B\u00e4ndern geschm\u00fcckten Birkenzweig. \u00a0 Der Text der Maienacht: Heimlich bei sternenklarer Nacht,Wenn niemand au\u00dfer uns &hellip;<\/p>\n","protected":false},"author":1,"featured_media":0,"parent":6809,"menu_order":0,"comment_status":"closed","ping_status":"closed","template":"template-fullwidth.php","meta":{"_mc_calendar":[],"two_page_speed":[],"footnotes":""},"class_list":["post-7151","page","type-page","status-publish","hentry"],"_links":{"self":[{"href":"https:\/\/www.maldingen.be\/index.php\/wp-json\/wp\/v2\/pages\/7151","targetHints":{"allow":["GET"]}}],"collection":[{"href":"https:\/\/www.maldingen.be\/index.php\/wp-json\/wp\/v2\/pages"}],"about":[{"href":"https:\/\/www.maldingen.be\/index.php\/wp-json\/wp\/v2\/types\/page"}],"author":[{"embeddable":true,"href":"https:\/\/www.maldingen.be\/index.php\/wp-json\/wp\/v2\/users\/1"}],"replies":[{"embeddable":true,"href":"https:\/\/www.maldingen.be\/index.php\/wp-json\/wp\/v2\/comments?post=7151"}],"version-history":[{"count":14,"href":"https:\/\/www.maldingen.be\/index.php\/wp-json\/wp\/v2\/pages\/7151\/revisions"}],"predecessor-version":[{"id":7174,"href":"https:\/\/www.maldingen.be\/index.php\/wp-json\/wp\/v2\/pages\/7151\/revisions\/7174"}],"up":[{"embeddable":true,"href":"https:\/\/www.maldingen.be\/index.php\/wp-json\/wp\/v2\/pages\/6809"}],"wp:attachment":[{"href":"https:\/\/www.maldingen.be\/index.php\/wp-json\/wp\/v2\/media?parent=7151"}],"curies":[{"name":"wp","href":"https:\/\/api.w.org\/{rel}","templated":true}]}}