{"id":7175,"date":"2023-11-22T20:48:41","date_gmt":"2023-11-22T20:48:41","guid":{"rendered":"https:\/\/www.maldingen.be\/?page_id=7175"},"modified":"2023-12-02T08:53:12","modified_gmt":"2023-12-02T08:53:12","slug":"burgfeuer","status":"publish","type":"page","link":"https:\/\/www.maldingen.be\/index.php\/brauchtum-2\/burgfeuer\/","title":{"rendered":"Burgfeuer"},"content":{"rendered":"\t\t<div data-elementor-type=\"wp-page\" data-elementor-id=\"7175\" class=\"elementor elementor-7175\">\n\t\t\t\t<div class=\"elementor-element elementor-element-3f24fe7 e-flex e-con-boxed e-con e-parent\" data-id=\"3f24fe7\" data-element_type=\"container\" data-e-type=\"container\">\n\t\t\t\t\t<div class=\"e-con-inner\">\n\t\t\t\t<div class=\"elementor-element elementor-element-9e3d637 elementor-widget elementor-widget-text-editor\" data-id=\"9e3d637\" data-element_type=\"widget\" data-e-type=\"widget\" data-widget_type=\"text-editor.default\">\n\t\t\t\t<div class=\"elementor-widget-container\">\n\t\t\t\t\t\t\t\t\t<p>Am Burgsamstag, dem Samstag nach Karneval, wird die &#8220;Burg&#8221; verbrannt.<\/p><p>Tags\u00fcber sammeln die Junggesellen \u00c4ste, Stroh und Holz und t\u00fcrmen diese zu einer &#8220;Burg&#8221; auf und befestigen eine Strohpuppe en einem Mast. Am Abend wird die &#8220;Burg&#8221; dann angez\u00fcndet und soll so den Winter austreiben.<\/p><div id=\"ConnectiveDocSignExtentionInstalled\" data-extension-version=\"1.0.4\">\u00a0<\/div>\t\t\t\t\t\t\t\t<\/div>\n\t\t\t\t<\/div>\n\t\t\t\t\t<\/div>\n\t\t\t\t<\/div>\n\t\t\t\t<\/div>\n\t\t","protected":false},"excerpt":{"rendered":"<p>Am Burgsamstag, dem Samstag nach Karneval, wird die &#8220;Burg&#8221; verbrannt. Tags\u00fcber sammeln die Junggesellen \u00c4ste, Stroh und Holz und t\u00fcrmen diese zu einer &#8220;Burg&#8221; auf und befestigen eine Strohpuppe en einem Mast. Am Abend wird die &#8220;Burg&#8221; dann angez\u00fcndet und soll so den Winter austreiben. \u00a0<\/p>\n","protected":false},"author":1,"featured_media":0,"parent":6809,"menu_order":0,"comment_status":"closed","ping_status":"closed","template":"","meta":{"_mc_calendar":[],"footnotes":""},"class_list":["post-7175","page","type-page","status-publish","hentry"],"_links":{"self":[{"href":"https:\/\/www.maldingen.be\/index.php\/wp-json\/wp\/v2\/pages\/7175","targetHints":{"allow":["GET"]}}],"collection":[{"href":"https:\/\/www.maldingen.be\/index.php\/wp-json\/wp\/v2\/pages"}],"about":[{"href":"https:\/\/www.maldingen.be\/index.php\/wp-json\/wp\/v2\/types\/page"}],"author":[{"embeddable":true,"href":"https:\/\/www.maldingen.be\/index.php\/wp-json\/wp\/v2\/users\/1"}],"replies":[{"embeddable":true,"href":"https:\/\/www.maldingen.be\/index.php\/wp-json\/wp\/v2\/comments?post=7175"}],"version-history":[{"count":10,"href":"https:\/\/www.maldingen.be\/index.php\/wp-json\/wp\/v2\/pages\/7175\/revisions"}],"predecessor-version":[{"id":7357,"href":"https:\/\/www.maldingen.be\/index.php\/wp-json\/wp\/v2\/pages\/7175\/revisions\/7357"}],"up":[{"embeddable":true,"href":"https:\/\/www.maldingen.be\/index.php\/wp-json\/wp\/v2\/pages\/6809"}],"wp:attachment":[{"href":"https:\/\/www.maldingen.be\/index.php\/wp-json\/wp\/v2\/media?parent=7175"}],"curies":[{"name":"wp","href":"https:\/\/api.w.org\/{rel}","templated":true}]}}