{"id":7190,"date":"2023-11-23T19:14:14","date_gmt":"2023-11-23T19:14:14","guid":{"rendered":"https:\/\/www.maldingen.be\/?page_id=7190"},"modified":"2023-12-02T09:21:14","modified_gmt":"2023-12-02T09:21:14","slug":"kirmes-2","status":"publish","type":"page","link":"https:\/\/www.maldingen.be\/index.php\/brauchtum-2\/kirmes-2\/","title":{"rendered":"Kirmes"},"content":{"rendered":"\t\t<div data-elementor-type=\"wp-page\" data-elementor-id=\"7190\" class=\"elementor elementor-7190\">\n\t\t\t\t<div class=\"elementor-element elementor-element-470dbd4 e-flex e-con-boxed e-con e-parent\" data-id=\"470dbd4\" data-element_type=\"container\" data-e-type=\"container\">\n\t\t\t\t\t<div class=\"e-con-inner\">\n\t\t<div class=\"elementor-element elementor-element-f7ae74a e-con-full e-flex e-con e-child\" data-id=\"f7ae74a\" data-element_type=\"container\" data-e-type=\"container\">\n\t\t\t\t<\/div>\n\t\t<div class=\"elementor-element elementor-element-fcf9268 e-con-full e-flex e-con e-child\" data-id=\"fcf9268\" data-element_type=\"container\" data-e-type=\"container\">\n\t\t\t\t<div class=\"elementor-element elementor-element-30a69a6 elementor-widget elementor-widget-text-editor\" data-id=\"30a69a6\" data-element_type=\"widget\" data-e-type=\"widget\" data-widget_type=\"text-editor.default\">\n\t\t\t\t<div class=\"elementor-widget-container\">\n\t\t\t\t\t\t\t\t\t<p>Die Kirmes findet am Wochenende nach Pfingsten statt.<\/p><p>Die Junggesellen streichen den Kirmesbaum zusammen mit den Schulkindern an. Am Freitagabend wird der Kirmesbaum dann im festlichen Umzug in Begleitung des Musikvereins und zahlreichen Maldingern bis zum Standplatz nebem dem Saal &#8220;An der Bahn&#8221; gebracht, wo er dann aufgerichtet wird.<\/p><p>Seit einigen Jahren brechen die Mitglieder des Theatervereins zu sp\u00e4ter Stunde auf, um die &#8220;Kirmes drepp&#8221; auszugraben, die im Vorjahr vergraben wurde.<\/p><p>Am Kirmessamstag findet das tradistionelle Krugschlagen statt. Dabei w\u00e4hlen ausgesuchte Jungesellen sich einen von 5 Tonkr\u00fcgen aus, den sie zerschlagen. In einem dieser Kr\u00fcge befindet sich Konfetti und &#8220;erw\u00e4hlt&#8221; so den neuen Krugk\u00f6nig. Dieser erw\u00e4hlt anschliessend aus den anwesenden Junggesellinnnen die Krugk\u00f6nigin.\u00a0 Nach einem St\u00e4ndchen geht es zum Kirmesball in den Saal &#8220;Bei Christa&#8221; um das neue Krugk\u00f6nigspaar zu feiern.<\/p><p>Am Kirmessonntag organisiert der Jungessellenverein ein &#8220;Spiel ohne Grenzen&#8221; am Fussballplatz, bei dem befreundete JGVs und einige Gruppen aus Maldingen den Sieger ermitteln mit anschliessender Kirmesparty im Festzelt.<\/p><p>Der Kirmesmontag beginnt mit einer Kirmesmesse. Anschliessend beginnt der Fr\u00fchschoppen bei Christa, der auch mal l\u00e4nger dauern kann.<\/p><div id=\"ConnectiveDocSignExtentionInstalled\" data-extension-version=\"1.0.4\">\u00a0<\/div>\t\t\t\t\t\t\t\t<\/div>\n\t\t\t\t<\/div>\n\t\t\t\t<\/div>\n\t\t\t\t\t<\/div>\n\t\t\t\t<\/div>\n\t\t\t\t<\/div>\n\t\t","protected":false},"excerpt":{"rendered":"<p>Die Kirmes findet am Wochenende nach Pfingsten statt. Die Junggesellen streichen den Kirmesbaum zusammen mit den Schulkindern an. Am Freitagabend wird der Kirmesbaum dann im festlichen Umzug in Begleitung des Musikvereins und zahlreichen Maldingern bis zum Standplatz nebem dem Saal &#8220;An der Bahn&#8221; gebracht, wo er dann aufgerichtet wird. Seit einigen Jahren brechen die Mitglieder &hellip;<\/p>\n","protected":false},"author":1,"featured_media":0,"parent":6809,"menu_order":0,"comment_status":"closed","ping_status":"closed","template":"template-fullwidth.php","meta":{"_mc_calendar":[],"two_page_speed":[],"footnotes":""},"class_list":["post-7190","page","type-page","status-publish","hentry"],"_links":{"self":[{"href":"https:\/\/www.maldingen.be\/index.php\/wp-json\/wp\/v2\/pages\/7190","targetHints":{"allow":["GET"]}}],"collection":[{"href":"https:\/\/www.maldingen.be\/index.php\/wp-json\/wp\/v2\/pages"}],"about":[{"href":"https:\/\/www.maldingen.be\/index.php\/wp-json\/wp\/v2\/types\/page"}],"author":[{"embeddable":true,"href":"https:\/\/www.maldingen.be\/index.php\/wp-json\/wp\/v2\/users\/1"}],"replies":[{"embeddable":true,"href":"https:\/\/www.maldingen.be\/index.php\/wp-json\/wp\/v2\/comments?post=7190"}],"version-history":[{"count":7,"href":"https:\/\/www.maldingen.be\/index.php\/wp-json\/wp\/v2\/pages\/7190\/revisions"}],"predecessor-version":[{"id":7416,"href":"https:\/\/www.maldingen.be\/index.php\/wp-json\/wp\/v2\/pages\/7190\/revisions\/7416"}],"up":[{"embeddable":true,"href":"https:\/\/www.maldingen.be\/index.php\/wp-json\/wp\/v2\/pages\/6809"}],"wp:attachment":[{"href":"https:\/\/www.maldingen.be\/index.php\/wp-json\/wp\/v2\/media?parent=7190"}],"curies":[{"name":"wp","href":"https:\/\/api.w.org\/{rel}","templated":true}]}}