{"id":7244,"date":"2023-11-23T20:17:42","date_gmt":"2023-11-23T20:17:42","guid":{"rendered":"https:\/\/www.maldingen.be\/?page_id=7244"},"modified":"2023-12-02T08:53:36","modified_gmt":"2023-12-02T08:53:36","slug":"dorftraenke","status":"publish","type":"page","link":"https:\/\/www.maldingen.be\/index.php\/sehenswertes\/dorftraenke\/","title":{"rendered":"Dorftr\u00e4nke"},"content":{"rendered":"\t\t<div data-elementor-type=\"wp-page\" data-elementor-id=\"7244\" class=\"elementor elementor-7244\">\n\t\t\t\t<div class=\"elementor-element elementor-element-fe3f39a e-flex e-con-boxed e-con e-parent\" data-id=\"fe3f39a\" data-element_type=\"container\" data-e-type=\"container\">\n\t\t\t\t\t<div class=\"e-con-inner\">\n\t\t\t\t<div class=\"elementor-element elementor-element-2cac2d3 elementor-widget__width-initial elementor-widget elementor-widget-image\" data-id=\"2cac2d3\" data-element_type=\"widget\" data-e-type=\"widget\" data-widget_type=\"image.default\">\n\t\t\t\t<div class=\"elementor-widget-container\">\n\t\t\t\t\t\t\t\t\t\t\t\t\t\t\t<img fetchpriority=\"high\" decoding=\"async\" width=\"1024\" height=\"683\" src=\"https:\/\/www.maldingen.be\/wp-content\/uploads\/2023\/11\/dorftraenke-2-large-1024x683.jpg\" class=\"attachment-large size-large wp-image-6778\" alt=\"\" srcset=\"https:\/\/www.maldingen.be\/wp-content\/uploads\/2023\/11\/dorftraenke-2-large-1024x683.jpg 1024w, https:\/\/www.maldingen.be\/wp-content\/uploads\/2023\/11\/dorftraenke-2-large-300x200.jpg 300w, https:\/\/www.maldingen.be\/wp-content\/uploads\/2023\/11\/dorftraenke-2-large-768x512.jpg 768w, https:\/\/www.maldingen.be\/wp-content\/uploads\/2023\/11\/dorftraenke-2-large-1536x1024.jpg 1536w, https:\/\/www.maldingen.be\/wp-content\/uploads\/2023\/11\/dorftraenke-2-large.jpg 2048w\" sizes=\"(max-width: 1024px) 100vw, 1024px\" \/>\t\t\t\t\t\t\t\t\t\t\t\t\t\t\t<\/div>\n\t\t\t\t<\/div>\n\t\t<div class=\"elementor-element elementor-element-85b9f1d e-con-full e-flex e-con e-child\" data-id=\"85b9f1d\" data-element_type=\"container\" data-e-type=\"container\">\n\t\t\t\t<div class=\"elementor-element elementor-element-e396e08 elementor-widget elementor-widget-text-editor\" data-id=\"e396e08\" data-element_type=\"widget\" data-e-type=\"widget\" data-widget_type=\"text-editor.default\">\n\t\t\t\t<div class=\"elementor-widget-container\">\n\t\t\t\t\t\t\t\t\t<p>Selbst in den Archiven ist kaum etwas \u00fcber den Ursprung der ehemaligen Dorftr\u00e4nke, auf Gemeindeeigentum, zu erfahren.<\/p><p>M\u00fcndliche \u00dcberlieferungen bezeugen, dass im \u00e4u\u00dferst trockenen Jahr 1921 die Bewohner selbst nachts das sp\u00e4rliche aber lebensnotwendige Wasser dort auffingen.<br \/>Auch muss der Born ein sehr ergiebiger gewesen sein. Ein Zeuge davon ist der noch recht gut erhaltene Trog in &#8220;Rechter Blaustein&#8221;.<br \/>Die Senke diente nicht nur als Viehtr\u00e4nke, sondern auch als Waschplatz f\u00fcr die Anwohner.<\/p><p>Heute wird dieser Platz gerne von Wanderer genutzt, die dort eine kleine Pause einlegen um die atemberaubende Landschaft zu genie\u00dfen.\u00a0 Die aufgewertete Dorftr\u00e4nke ist ein angenehmer, windgesch\u00fctzter Ruheplatz.<\/p><div id=\"ConnectiveDocSignExtentionInstalled\" data-extension-version=\"1.0.4\">\u00a0<\/div>\t\t\t\t\t\t\t\t<\/div>\n\t\t\t\t<\/div>\n\t\t\t\t<\/div>\n\t\t\t\t\t<\/div>\n\t\t\t\t<\/div>\n\t\t<div class=\"elementor-element elementor-element-966fc58 e-flex e-con-boxed e-con e-parent\" data-id=\"966fc58\" data-element_type=\"container\" data-e-type=\"container\">\n\t\t\t\t\t<div class=\"e-con-inner\">\n\t\t\t\t<div class=\"elementor-element elementor-element-f3353c3 elementor-widget elementor-widget-heading\" data-id=\"f3353c3\" data-element_type=\"widget\" data-e-type=\"widget\" data-widget_type=\"heading.default\">\n\t\t\t\t<div class=\"elementor-widget-container\">\n\t\t\t\t\t<h2 class=\"elementor-heading-title elementor-size-default\">Instandsetzung von 2011 bis 2013<\/h2>\t\t\t\t<\/div>\n\t\t\t\t<\/div>\n\t\t\t\t\t<\/div>\n\t\t\t\t<\/div>\n\t\t<div class=\"elementor-element elementor-element-94c5f65 e-flex e-con-boxed e-con e-parent\" data-id=\"94c5f65\" data-element_type=\"container\" data-e-type=\"container\">\n\t\t\t\t\t<div class=\"e-con-inner\">\n\t\t\t\t<div class=\"elementor-element elementor-element-1e12390 elementor-widget elementor-widget-text-editor\" data-id=\"1e12390\" data-element_type=\"widget\" data-e-type=\"widget\" data-widget_type=\"text-editor.default\">\n\t\t\t\t<div class=\"elementor-widget-container\">\n\t\t\t\t\t\t\t\t\t<p>Dank der Initiative einiger Dorfbewohner wurde aus der verwahrlosten Stelle ein gem\u00fctlicher\u00a0Aufenthaltsort.<\/p><p>Mit viel Flei\u00df wurde der Platz am S\u00fcdhang von M\u00fcll befreit, gerodet und mit Stegen und Sitzpl\u00e4tzen ausgestattet.<\/p><p>Mit den Schulkindern wurden Vogelk\u00e4sten aufgeh\u00e4ngt.<\/p><div id=\"ConnectiveDocSignExtentionInstalled\" data-extension-version=\"1.0.4\">\u00a0<\/div>\t\t\t\t\t\t\t\t<\/div>\n\t\t\t\t<\/div>\n\t\t\t\t\t<\/div>\n\t\t\t\t<\/div>\n\t\t<div class=\"elementor-element elementor-element-57bf685 e-flex e-con-boxed e-con e-parent\" data-id=\"57bf685\" data-element_type=\"container\" data-e-type=\"container\">\n\t\t\t\t\t<div class=\"e-con-inner\">\n\t\t<div class=\"elementor-element elementor-element-efdb876 e-con-full e-flex e-con e-child\" data-id=\"efdb876\" data-element_type=\"container\" data-e-type=\"container\">\n\t\t\t\t<div class=\"elementor-element elementor-element-c7b6fc0 elementor-widget elementor-widget-image\" data-id=\"c7b6fc0\" data-element_type=\"widget\" data-e-type=\"widget\" data-widget_type=\"image.default\">\n\t\t\t\t<div class=\"elementor-widget-container\">\n\t\t\t\t\t\t\t\t\t\t\t\t\t\t\t<img decoding=\"async\" width=\"200\" height=\"150\" src=\"https:\/\/www.maldingen.be\/wp-content\/uploads\/2023\/10\/1fe994fef57544a99bc3a647b37e186d.png\" class=\"attachment-medium_large size-medium_large wp-image-6050\" alt=\"\" srcset=\"https:\/\/www.maldingen.be\/wp-content\/uploads\/2023\/10\/1fe994fef57544a99bc3a647b37e186d.png 200w, https:\/\/www.maldingen.be\/wp-content\/uploads\/2023\/10\/elementor\/thumbs\/1fe994fef57544a99bc3a647b37e186d-150x150.png 400w\" sizes=\"(max-width: 200px) 100vw, 200px\" \/>\t\t\t\t\t\t\t\t\t\t\t\t\t\t\t<\/div>\n\t\t\t\t<\/div>\n\t\t\t\t<\/div>\n\t\t<div class=\"elementor-element elementor-element-46fcfe5 e-con-full e-flex e-con e-child\" data-id=\"46fcfe5\" data-element_type=\"container\" data-e-type=\"container\">\n\t\t\t\t<div class=\"elementor-element elementor-element-4fa0d3c elementor-widget elementor-widget-image\" data-id=\"4fa0d3c\" data-element_type=\"widget\" data-e-type=\"widget\" data-widget_type=\"image.default\">\n\t\t\t\t<div class=\"elementor-widget-container\">\n\t\t\t\t\t\t\t\t\t\t\t\t\t\t\t<img decoding=\"async\" width=\"200\" height=\"139\" src=\"https:\/\/www.maldingen.be\/wp-content\/uploads\/2023\/10\/0f0a000080e14b738338f7781d7c4e17.png\" class=\"attachment-large size-large wp-image-6052\" alt=\"\" \/>\t\t\t\t\t\t\t\t\t\t\t\t\t\t\t<\/div>\n\t\t\t\t<\/div>\n\t\t\t\t<\/div>\n\t\t<div class=\"elementor-element elementor-element-843de33 e-con-full e-flex e-con e-child\" data-id=\"843de33\" data-element_type=\"container\" data-e-type=\"container\">\n\t\t\t\t<div class=\"elementor-element elementor-element-8c79793 elementor-widget elementor-widget-image\" data-id=\"8c79793\" data-element_type=\"widget\" data-e-type=\"widget\" data-widget_type=\"image.default\">\n\t\t\t\t<div class=\"elementor-widget-container\">\n\t\t\t\t\t\t\t\t\t\t\t\t\t\t\t<img loading=\"lazy\" decoding=\"async\" width=\"200\" height=\"138\" src=\"https:\/\/www.maldingen.be\/wp-content\/uploads\/2023\/10\/dd058fd7e6614187849a3a2cf9d496aa.png\" class=\"attachment-large size-large wp-image-6054\" alt=\"\" \/>\t\t\t\t\t\t\t\t\t\t\t\t\t\t\t<\/div>\n\t\t\t\t<\/div>\n\t\t\t\t<\/div>\n\t\t<div class=\"elementor-element elementor-element-691f0fa e-con-full e-flex e-con e-child\" data-id=\"691f0fa\" data-element_type=\"container\" data-e-type=\"container\">\n\t\t\t\t<div class=\"elementor-element elementor-element-80a841e elementor-widget elementor-widget-image\" data-id=\"80a841e\" data-element_type=\"widget\" data-e-type=\"widget\" data-widget_type=\"image.default\">\n\t\t\t\t<div class=\"elementor-widget-container\">\n\t\t\t\t\t\t\t\t\t\t\t\t\t\t\t<img loading=\"lazy\" decoding=\"async\" width=\"200\" height=\"138\" src=\"https:\/\/www.maldingen.be\/wp-content\/uploads\/2023\/10\/4ee00972321f484c948f0aa3a6188900.png\" class=\"attachment-medium_large size-medium_large wp-image-6056\" alt=\"\" \/>\t\t\t\t\t\t\t\t\t\t\t\t\t\t\t<\/div>\n\t\t\t\t<\/div>\n\t\t\t\t<\/div>\n\t\t<div class=\"elementor-element elementor-element-3857c96 e-con-full e-flex e-con e-child\" data-id=\"3857c96\" data-element_type=\"container\" data-e-type=\"container\">\n\t\t\t\t<div class=\"elementor-element elementor-element-7ce40c9 elementor-widget elementor-widget-image\" data-id=\"7ce40c9\" data-element_type=\"widget\" data-e-type=\"widget\" data-widget_type=\"image.default\">\n\t\t\t\t<div class=\"elementor-widget-container\">\n\t\t\t\t\t\t\t\t\t\t\t\t\t\t\t<img loading=\"lazy\" decoding=\"async\" width=\"200\" height=\"138\" src=\"https:\/\/www.maldingen.be\/wp-content\/uploads\/2023\/10\/ea4149bd727644689619414f0fbc334a.png\" class=\"attachment-large size-large wp-image-6060\" alt=\"\" \/>\t\t\t\t\t\t\t\t\t\t\t\t\t\t\t<\/div>\n\t\t\t\t<\/div>\n\t\t\t\t<\/div>\n\t\t<div class=\"elementor-element elementor-element-7ee4c51 e-con-full e-flex e-con e-child\" data-id=\"7ee4c51\" data-element_type=\"container\" data-e-type=\"container\">\n\t\t\t\t<div class=\"elementor-element elementor-element-3efa936 elementor-widget elementor-widget-image\" data-id=\"3efa936\" data-element_type=\"widget\" data-e-type=\"widget\" data-widget_type=\"image.default\">\n\t\t\t\t<div class=\"elementor-widget-container\">\n\t\t\t\t\t\t\t\t\t\t\t\t\t\t\t<img loading=\"lazy\" decoding=\"async\" width=\"200\" height=\"150\" src=\"https:\/\/www.maldingen.be\/wp-content\/uploads\/2023\/10\/b2b425c6ff2e47baa165c90b01023524.png\" class=\"attachment-large size-large wp-image-6058\" alt=\"\" \/>\t\t\t\t\t\t\t\t\t\t\t\t\t\t\t<\/div>\n\t\t\t\t<\/div>\n\t\t\t\t<\/div>\n\t\t\t\t\t<\/div>\n\t\t\t\t<\/div>\n\t\t<div class=\"elementor-element elementor-element-6cc4601 e-flex e-con-boxed e-con e-parent\" data-id=\"6cc4601\" data-element_type=\"container\" data-e-type=\"container\">\n\t\t\t\t\t<div class=\"e-con-inner\">\n\t\t<div class=\"elementor-element elementor-element-3c78786 e-con-full e-flex e-con e-child\" data-id=\"3c78786\" data-element_type=\"container\" data-e-type=\"container\">\n\t\t\t\t<div class=\"elementor-element elementor-element-0f0ce79 elementor-widget elementor-widget-image\" data-id=\"0f0ce79\" data-element_type=\"widget\" data-e-type=\"widget\" data-widget_type=\"image.default\">\n\t\t\t\t<div class=\"elementor-widget-container\">\n\t\t\t\t\t\t\t\t\t\t\t\t\t\t\t<img loading=\"lazy\" decoding=\"async\" width=\"200\" height=\"147\" src=\"https:\/\/www.maldingen.be\/wp-content\/uploads\/2023\/10\/55a3705308034b459a682129f6fb405c.png\" class=\"attachment-large size-large wp-image-6066\" alt=\"\" \/>\t\t\t\t\t\t\t\t\t\t\t\t\t\t\t<\/div>\n\t\t\t\t<\/div>\n\t\t\t\t<\/div>\n\t\t<div class=\"elementor-element elementor-element-c06c004 e-con-full e-flex e-con e-child\" data-id=\"c06c004\" data-element_type=\"container\" data-e-type=\"container\">\n\t\t\t\t<div class=\"elementor-element elementor-element-aabad5b elementor-widget elementor-widget-image\" data-id=\"aabad5b\" data-element_type=\"widget\" data-e-type=\"widget\" data-widget_type=\"image.default\">\n\t\t\t\t<div class=\"elementor-widget-container\">\n\t\t\t\t\t\t\t\t\t\t\t\t\t\t\t<img loading=\"lazy\" decoding=\"async\" width=\"200\" height=\"150\" src=\"https:\/\/www.maldingen.be\/wp-content\/uploads\/2023\/10\/1c6bf8977c284218a1f8b3bfb3c9e66c.png\" class=\"attachment-large size-large wp-image-6062\" alt=\"\" \/>\t\t\t\t\t\t\t\t\t\t\t\t\t\t\t<\/div>\n\t\t\t\t<\/div>\n\t\t\t\t<\/div>\n\t\t<div class=\"elementor-element elementor-element-ce419f3 e-con-full e-flex e-con e-child\" data-id=\"ce419f3\" data-element_type=\"container\" data-e-type=\"container\">\n\t\t\t\t<div class=\"elementor-element elementor-element-626a944 elementor-widget elementor-widget-image\" data-id=\"626a944\" data-element_type=\"widget\" data-e-type=\"widget\" data-widget_type=\"image.default\">\n\t\t\t\t<div class=\"elementor-widget-container\">\n\t\t\t\t\t\t\t\t\t\t\t\t\t\t\t<img loading=\"lazy\" decoding=\"async\" width=\"200\" height=\"149\" src=\"https:\/\/www.maldingen.be\/wp-content\/uploads\/2023\/10\/8c32b168eab54069a371875af54974d8.png\" class=\"attachment-large size-large wp-image-6064\" alt=\"\" \/>\t\t\t\t\t\t\t\t\t\t\t\t\t\t\t<\/div>\n\t\t\t\t<\/div>\n\t\t\t\t<\/div>\n\t\t<div class=\"elementor-element elementor-element-6f82fdb e-con-full e-flex e-con e-child\" data-id=\"6f82fdb\" data-element_type=\"container\" data-e-type=\"container\">\n\t\t\t\t<\/div>\n\t\t<div class=\"elementor-element elementor-element-43bc1b0 e-con-full e-flex e-con e-child\" data-id=\"43bc1b0\" data-element_type=\"container\" data-e-type=\"container\">\n\t\t\t\t<\/div>\n\t\t<div class=\"elementor-element elementor-element-f00a940 e-con-full e-flex e-con e-child\" data-id=\"f00a940\" data-element_type=\"container\" data-e-type=\"container\">\n\t\t\t\t<\/div>\n\t\t\t\t\t<\/div>\n\t\t\t\t<\/div>\n\t\t<div class=\"elementor-element elementor-element-155f97a e-flex e-con-boxed e-con e-parent\" data-id=\"155f97a\" data-element_type=\"container\" data-e-type=\"container\">\n\t\t\t\t\t<div class=\"e-con-inner\">\n\t\t<div class=\"elementor-element elementor-element-5725ec8 e-con-full e-flex e-con e-child\" data-id=\"5725ec8\" data-element_type=\"container\" data-e-type=\"container\">\n\t\t\t\t<div class=\"elementor-element elementor-element-902bb2e elementor-widget elementor-widget-image\" data-id=\"902bb2e\" data-element_type=\"widget\" data-e-type=\"widget\" data-widget_type=\"image.default\">\n\t\t\t\t<div class=\"elementor-widget-container\">\n\t\t\t\t\t\t\t\t\t\t\t\t\t\t\t<img loading=\"lazy\" decoding=\"async\" width=\"200\" height=\"133\" src=\"https:\/\/www.maldingen.be\/wp-content\/uploads\/2023\/10\/3d6fed2bfa8448139fa03a8b852f0c89.png\" class=\"attachment-large size-large wp-image-6071\" alt=\"\" \/>\t\t\t\t\t\t\t\t\t\t\t\t\t\t\t<\/div>\n\t\t\t\t<\/div>\n\t\t\t\t<\/div>\n\t\t<div class=\"elementor-element elementor-element-2df6392 e-con-full e-flex e-con e-child\" data-id=\"2df6392\" data-element_type=\"container\" data-e-type=\"container\">\n\t\t\t\t<div class=\"elementor-element elementor-element-13950ea elementor-widget elementor-widget-text-editor\" data-id=\"13950ea\" data-element_type=\"widget\" data-e-type=\"widget\" data-widget_type=\"text-editor.default\">\n\t\t\t\t<div class=\"elementor-widget-container\">\n\t\t\t\t\t\t\t\t\t<h2>Einweihung des Platzes an der Dorftr\u00e4nke 2013<\/h2><h2 id=\"ConnectiveDocSignExtentionInstalled\" data-extension-version=\"1.0.4\">\u00a0<\/h2>\t\t\t\t\t\t\t\t<\/div>\n\t\t\t\t<\/div>\n\t\t\t\t<\/div>\n\t\t\t\t\t<\/div>\n\t\t\t\t<\/div>\n\t\t<div class=\"elementor-element elementor-element-068a8b1 e-flex e-con-boxed e-con e-parent\" data-id=\"068a8b1\" data-element_type=\"container\" data-e-type=\"container\">\n\t\t\t\t\t<div class=\"e-con-inner\">\n\t\t<div class=\"elementor-element elementor-element-23ad26a e-con-full e-flex e-con e-child\" data-id=\"23ad26a\" data-element_type=\"container\" data-e-type=\"container\">\n\t\t\t\t<div class=\"elementor-element elementor-element-10c2df7 elementor-widget elementor-widget-image\" data-id=\"10c2df7\" data-element_type=\"widget\" data-e-type=\"widget\" data-widget_type=\"image.default\">\n\t\t\t\t<div class=\"elementor-widget-container\">\n\t\t\t\t\t\t\t\t\t\t\t\t\t\t\t<img loading=\"lazy\" decoding=\"async\" width=\"200\" height=\"150\" src=\"https:\/\/www.maldingen.be\/wp-content\/uploads\/2023\/10\/50a8ec83ccf34651bb35ab1f608f6d8b.png\" class=\"attachment-large size-large wp-image-6081\" alt=\"\" \/>\t\t\t\t\t\t\t\t\t\t\t\t\t\t\t<\/div>\n\t\t\t\t<\/div>\n\t\t\t\t<\/div>\n\t\t<div class=\"elementor-element elementor-element-916d44a e-con-full e-flex e-con e-child\" data-id=\"916d44a\" data-element_type=\"container\" data-e-type=\"container\">\n\t\t\t\t<div class=\"elementor-element elementor-element-7bdaa7c elementor-widget elementor-widget-image\" data-id=\"7bdaa7c\" data-element_type=\"widget\" data-e-type=\"widget\" data-widget_type=\"image.default\">\n\t\t\t\t<div class=\"elementor-widget-container\">\n\t\t\t\t\t\t\t\t\t\t\t\t\t\t\t<img loading=\"lazy\" decoding=\"async\" width=\"200\" height=\"150\" src=\"https:\/\/www.maldingen.be\/wp-content\/uploads\/2023\/10\/b2b88672cea5469ba1bfeaa2215cd92b.png\" class=\"attachment-large size-large wp-image-6077\" alt=\"\" \/>\t\t\t\t\t\t\t\t\t\t\t\t\t\t\t<\/div>\n\t\t\t\t<\/div>\n\t\t\t\t<\/div>\n\t\t<div class=\"elementor-element elementor-element-b6b2242 e-con-full e-flex e-con e-child\" data-id=\"b6b2242\" data-element_type=\"container\" data-e-type=\"container\">\n\t\t\t\t<div class=\"elementor-element elementor-element-be996a3 elementor-widget elementor-widget-image\" data-id=\"be996a3\" data-element_type=\"widget\" data-e-type=\"widget\" data-widget_type=\"image.default\">\n\t\t\t\t<div class=\"elementor-widget-container\">\n\t\t\t\t\t\t\t\t\t\t\t\t\t\t\t<img loading=\"lazy\" decoding=\"async\" width=\"200\" height=\"133\" src=\"https:\/\/www.maldingen.be\/wp-content\/uploads\/2023\/10\/353d0e2358e64de788a0722510688299.png\" class=\"attachment-large size-large wp-image-6073\" alt=\"\" \/>\t\t\t\t\t\t\t\t\t\t\t\t\t\t\t<\/div>\n\t\t\t\t<\/div>\n\t\t\t\t<\/div>\n\t\t<div class=\"elementor-element elementor-element-5423cb8 e-con-full e-flex e-con e-child\" data-id=\"5423cb8\" data-element_type=\"container\" data-e-type=\"container\">\n\t\t\t\t<div class=\"elementor-element elementor-element-a966340 elementor-widget elementor-widget-image\" data-id=\"a966340\" data-element_type=\"widget\" data-e-type=\"widget\" data-widget_type=\"image.default\">\n\t\t\t\t<div class=\"elementor-widget-container\">\n\t\t\t\t\t\t\t\t\t\t\t\t\t\t\t<img loading=\"lazy\" decoding=\"async\" width=\"200\" height=\"150\" src=\"https:\/\/www.maldingen.be\/wp-content\/uploads\/2023\/10\/fae2d787a95c44de97f33740e3a67db1.png\" class=\"attachment-large size-large wp-image-6075\" alt=\"\" \/>\t\t\t\t\t\t\t\t\t\t\t\t\t\t\t<\/div>\n\t\t\t\t<\/div>\n\t\t\t\t<\/div>\n\t\t<div class=\"elementor-element elementor-element-91e13c9 e-con-full e-flex e-con e-child\" data-id=\"91e13c9\" data-element_type=\"container\" data-e-type=\"container\">\n\t\t\t\t<div class=\"elementor-element elementor-element-68ff48a elementor-widget elementor-widget-image\" data-id=\"68ff48a\" data-element_type=\"widget\" data-e-type=\"widget\" data-widget_type=\"image.default\">\n\t\t\t\t<div class=\"elementor-widget-container\">\n\t\t\t\t\t\t\t\t\t\t\t\t\t\t\t<img loading=\"lazy\" decoding=\"async\" width=\"200\" height=\"150\" src=\"https:\/\/www.maldingen.be\/wp-content\/uploads\/2023\/10\/755197c6fec84da985c6f06f5d16b287.png\" class=\"attachment-large size-large wp-image-6079\" alt=\"\" \/>\t\t\t\t\t\t\t\t\t\t\t\t\t\t\t<\/div>\n\t\t\t\t<\/div>\n\t\t\t\t<\/div>\n\t\t<div class=\"elementor-element elementor-element-78dbf8a e-con-full e-flex e-con e-child\" data-id=\"78dbf8a\" data-element_type=\"container\" data-e-type=\"container\">\n\t\t\t\t<div class=\"elementor-element elementor-element-6d5c402 elementor-widget elementor-widget-image\" data-id=\"6d5c402\" data-element_type=\"widget\" data-e-type=\"widget\" data-widget_type=\"image.default\">\n\t\t\t\t<div class=\"elementor-widget-container\">\n\t\t\t\t\t\t\t\t\t\t\t\t\t\t\t<img loading=\"lazy\" decoding=\"async\" width=\"200\" height=\"150\" src=\"https:\/\/www.maldingen.be\/wp-content\/uploads\/2023\/10\/62e55664c5da4eaf9c6d6dcb2d7d2dc0.png\" class=\"attachment-large size-large wp-image-6083\" alt=\"\" \/>\t\t\t\t\t\t\t\t\t\t\t\t\t\t\t<\/div>\n\t\t\t\t<\/div>\n\t\t\t\t<\/div>\n\t\t\t\t\t<\/div>\n\t\t\t\t<\/div>\n\t\t\t\t<\/div>\n\t\t","protected":false},"excerpt":{"rendered":"<p>Selbst in den Archiven ist kaum etwas \u00fcber den Ursprung der ehemaligen Dorftr\u00e4nke, auf Gemeindeeigentum, zu erfahren. M\u00fcndliche \u00dcberlieferungen bezeugen, dass im \u00e4u\u00dferst trockenen Jahr 1921 die Bewohner selbst nachts das sp\u00e4rliche aber lebensnotwendige Wasser dort auffingen.Auch muss der Born ein sehr ergiebiger gewesen sein. Ein Zeuge davon ist der noch recht gut erhaltene Trog &hellip;<\/p>\n","protected":false},"author":1,"featured_media":0,"parent":561,"menu_order":0,"comment_status":"closed","ping_status":"closed","template":"template-fullwidth.php","meta":{"_mc_calendar":[],"footnotes":""},"class_list":["post-7244","page","type-page","status-publish","hentry"],"_links":{"self":[{"href":"https:\/\/www.maldingen.be\/index.php\/wp-json\/wp\/v2\/pages\/7244","targetHints":{"allow":["GET"]}}],"collection":[{"href":"https:\/\/www.maldingen.be\/index.php\/wp-json\/wp\/v2\/pages"}],"about":[{"href":"https:\/\/www.maldingen.be\/index.php\/wp-json\/wp\/v2\/types\/page"}],"author":[{"embeddable":true,"href":"https:\/\/www.maldingen.be\/index.php\/wp-json\/wp\/v2\/users\/1"}],"replies":[{"embeddable":true,"href":"https:\/\/www.maldingen.be\/index.php\/wp-json\/wp\/v2\/comments?post=7244"}],"version-history":[{"count":7,"href":"https:\/\/www.maldingen.be\/index.php\/wp-json\/wp\/v2\/pages\/7244\/revisions"}],"predecessor-version":[{"id":7397,"href":"https:\/\/www.maldingen.be\/index.php\/wp-json\/wp\/v2\/pages\/7244\/revisions\/7397"}],"up":[{"embeddable":true,"href":"https:\/\/www.maldingen.be\/index.php\/wp-json\/wp\/v2\/pages\/561"}],"wp:attachment":[{"href":"https:\/\/www.maldingen.be\/index.php\/wp-json\/wp\/v2\/media?parent=7244"}],"curies":[{"name":"wp","href":"https:\/\/api.w.org\/{rel}","templated":true}]}}