{"id":8375,"date":"2025-09-08T05:25:37","date_gmt":"2025-09-08T05:25:37","guid":{"rendered":"https:\/\/www.maldingen.be\/?page_id=8375"},"modified":"2025-09-08T05:30:32","modified_gmt":"2025-09-08T05:30:32","slug":"michael-gommes-uebernimmt-voruebergehend-fuer-shayne-piront","status":"publish","type":"page","link":"https:\/\/www.maldingen.be\/index.php\/michael-gommes-uebernimmt-voruebergehend-fuer-shayne-piront\/","title":{"rendered":"Michael Gommes \u00fcbernimmt vor\u00fcbergehend f\u00fcr Shayne Piront"},"content":{"rendered":"\t\t<div data-elementor-type=\"wp-page\" data-elementor-id=\"8375\" class=\"elementor elementor-8375\">\n\t\t\t\t<div class=\"elementor-element elementor-element-085ed96 e-flex e-con-boxed e-con e-parent\" data-id=\"085ed96\" data-element_type=\"container\" data-e-type=\"container\">\n\t\t\t\t\t<div class=\"e-con-inner\">\n\t\t\t\t<div class=\"elementor-element elementor-element-1b5a887 elementor-widget elementor-widget-text-editor\" data-id=\"1b5a887\" data-element_type=\"widget\" data-e-type=\"widget\" data-widget_type=\"text-editor.default\">\n\t\t\t\t<div class=\"elementor-widget-container\">\n\t\t\t\t\t\t\t\t\t<p>Die Minderheitsfraktion B\u00fcrgerstimme+ im Gemeinderat von Burg-Reuland muss vor\u00fcbergehend auf Shayne Piront<br \/>verzichten. Der Grund ist ihr Mutterschaftsurlaub nach der Geburt ihrer Tochter. \u201eFamilie geht vor \u2013 wir freuen uns sehr mit Shayne und ihrer Familie \u00fcber die Geburt der kleinen Tochter und w\u00fcnschen ihnen f\u00fcr die kommende Zeit alles Gute\u201c, so die Fraktion. Gem\u00e4\u00df den gesetzlichen Bestimmungen \u00fcbernimmt der n\u00e4chste Kandidat mit den meisten Stimmen das Mandat: Michael Gommes aus Maldingen. Nach Pr\u00fcfung und Best\u00e4tigung durch den Gemeinderat legte er seinen Amtseid vor B\u00fcrgermeister Alain Stellmann ab. \u201eDie Fraktion B\u00fcrgerstimme+ ist \u00fcberzeugt, dass Michael Gommes mit seinem Engagement und seiner Erfahrung die Anliegen der B\u00fcrgerinnen und B\u00fcrger in dieser Zeit kompetent vertreten wird\u201c, erkl\u00e4rt die Fraktion. Foto: Jan Johanns\u00a0<\/p><p>Quelle: Grenz-Echo 28.08.2025<\/p><div id=\"ConnectiveDocSignExtentionInstalled\" data-extension-version=\"1.0.4\">\u00a0<\/div>\t\t\t\t\t\t\t\t<\/div>\n\t\t\t\t<\/div>\n\t\t\t\t\t<\/div>\n\t\t\t\t<\/div>\n\t\t\t\t<\/div>\n\t\t","protected":false},"excerpt":{"rendered":"<p>Die Minderheitsfraktion B\u00fcrgerstimme+ im Gemeinderat von Burg-Reuland muss vor\u00fcbergehend auf Shayne Pirontverzichten. Der Grund ist ihr Mutterschaftsurlaub nach der Geburt ihrer Tochter. \u201eFamilie geht vor \u2013 wir freuen uns sehr mit Shayne und ihrer Familie \u00fcber die Geburt der kleinen Tochter und w\u00fcnschen ihnen f\u00fcr die kommende Zeit alles Gute\u201c, so die Fraktion. Gem\u00e4\u00df den &hellip;<\/p>\n","protected":false},"author":1,"featured_media":8376,"parent":0,"menu_order":0,"comment_status":"closed","ping_status":"closed","template":"","meta":{"_mc_calendar":[],"footnotes":""},"class_list":["post-8375","page","type-page","status-publish","has-post-thumbnail","hentry"],"_links":{"self":[{"href":"https:\/\/www.maldingen.be\/index.php\/wp-json\/wp\/v2\/pages\/8375","targetHints":{"allow":["GET"]}}],"collection":[{"href":"https:\/\/www.maldingen.be\/index.php\/wp-json\/wp\/v2\/pages"}],"about":[{"href":"https:\/\/www.maldingen.be\/index.php\/wp-json\/wp\/v2\/types\/page"}],"author":[{"embeddable":true,"href":"https:\/\/www.maldingen.be\/index.php\/wp-json\/wp\/v2\/users\/1"}],"replies":[{"embeddable":true,"href":"https:\/\/www.maldingen.be\/index.php\/wp-json\/wp\/v2\/comments?post=8375"}],"version-history":[{"count":7,"href":"https:\/\/www.maldingen.be\/index.php\/wp-json\/wp\/v2\/pages\/8375\/revisions"}],"predecessor-version":[{"id":8383,"href":"https:\/\/www.maldingen.be\/index.php\/wp-json\/wp\/v2\/pages\/8375\/revisions\/8383"}],"wp:featuredmedia":[{"embeddable":true,"href":"https:\/\/www.maldingen.be\/index.php\/wp-json\/wp\/v2\/media\/8376"}],"wp:attachment":[{"href":"https:\/\/www.maldingen.be\/index.php\/wp-json\/wp\/v2\/media?parent=8375"}],"curies":[{"name":"wp","href":"https:\/\/api.w.org\/{rel}","templated":true}]}}